{"id":17908,"date":"2022-04-07T21:10:37","date_gmt":"2022-04-07T19:10:37","guid":{"rendered":"https:\/\/darassiya-test.studioconcept.biz\/chambres\/"},"modified":"2024-01-08T21:36:29","modified_gmt":"2024-01-08T20:36:29","slug":"chambres","status":"publish","type":"page","link":"https:\/\/darassiya.com\/fr\/chambres\/","title":{"rendered":"CHAMBRES"},"content":{"rendered":"<section class=\"wpb-content-wrapper\"><p>[vc_row dfd_row_config=&#8221;full_width_content&#8221;][vc_column width=&#8221;1\/3&#8243; column_responsive_mobile_classes=&#8221;dfd-remove-bottom-margin&#8221; col_shadow=&#8221;box_shadow_enable:disable|shadow_horizontal:0|shadow_vertical:15|shadow_blur:50|shadow_spread:0|box_shadow_color:rgba(0%2C0%2C0%2C.35)&#8221; col_shadow_hover=&#8221;box_shadow_enable:disable|shadow_horizontal:0|shadow_vertical:15|shadow_blur:50|shadow_spread:0|box_shadow_color:rgba(0%2C0%2C0%2C.35)&#8221; el_class=&#8221;grid-post-margin&#8221;]<div class=\"dfd-info-banner style-11  delimiter-hidden  text-center\" ><div class=\"image-wrap\"><div class=\"image-cover dfd-img-lazy-load\"><img loading=\"lazy\" decoding=\"async\" src=\"data:image\/svg+xml;charset=utf-8,%3Csvg xmlns%3D'http%3A%2F%2Fwww.w3.org%2F2000%2Fsvg' viewBox%3D'0 0 1200 1200'%2F%3E\" data-src=\"https:\/\/darassiya.com\/wp-content\/uploads\/2016\/03\/camere_home-1200x1200.jpg\" alt=\"Image\"  width=\"1200\" height=\"1200\" class=\"info-banner-image \" \/><\/div><div class=\"overlay\" ><\/div><div class=\"content-wrap\"><h6 class=\"info-box-title \" style=\"\">SUITE TOUAREG<\/h6><div class=\"info-box-subtitle widget-sub-title subtitle\" style=\"\">Dar Assiya<\/div><\/div><\/div><a href=\"https:\/\/darassiya.com\/fr\/chambres\/tuareg\/\" title=\"TUAREG\"  class=\"full-box-link\"><\/a><\/div>[\/vc_column][vc_column width=&#8221;1\/3&#8243; column_responsive_mobile_classes=&#8221;dfd-remove-top-padding,dfd-remove-bottom-margin&#8221; css=&#8221;.vc_custom_1649955140475{background-color: #898c85 !important;background-position: center !important;background-repeat: no-repeat !important;background-size: cover !important;}&#8221; col_shadow=&#8221;box_shadow_enable:disable|shadow_horizontal:0|shadow_vertical:15|shadow_blur:50|shadow_spread:0|box_shadow_color:rgba(0%2C0%2C0%2C.35)&#8221; col_shadow_hover=&#8221;box_shadow_enable:disable|shadow_horizontal:0|shadow_vertical:15|shadow_blur:50|shadow_spread:0|box_shadow_color:rgba(0%2C0%2C0%2C.35)&#8221; el_class=&#8221;grid-post-margin&#8221;]<div class=\"dfd-info-banner style-11  text-center\" ><div class=\"image-wrap\"><div class=\"image-cover dfd-img-lazy-load\"><img loading=\"lazy\" decoding=\"async\" src=\"data:image\/svg+xml;charset=utf-8,%3Csvg xmlns%3D'http%3A%2F%2Fwww.w3.org%2F2000%2Fsvg' viewBox%3D'0 0 1200 1200'%2F%3E\" data-src=\"https:\/\/darassiya.com\/wp-content\/uploads\/2018\/01\/dar-assiya-le-grand-background-1200x1200.png\" alt=\"Image\"  width=\"1200\" height=\"1200\" class=\"info-banner-image \" \/><\/div><div class=\"overlay\" ><\/div><div class=\"content-wrap\"><h2 class=\"info-box-title \" style=\"color: #ffffff !important; \">DAR ASSIYA<\/h2><h3 class=\"info-box-subtitle widget-sub-title \" style=\"font-size: 30px; letter-spacing: 2px; \">Boutique hotel Marrakech<\/h3><div class=\"wrap-delimiter\"><div class=\"delimiter\" ><\/div><\/div><div class=\"description\" style=\"\">20 Derb Ouali Kaat Benahid, Marrakech medina<\/div><\/div><\/div><\/div>[\/vc_column][vc_column width=&#8221;1\/3&#8243; column_responsive_mobile_classes=&#8221;dfd-remove-bottom-margin&#8221; col_shadow=&#8221;box_shadow_enable:disable|shadow_horizontal:0|shadow_vertical:15|shadow_blur:50|shadow_spread:0|box_shadow_color:rgba(0%2C0%2C0%2C.35)&#8221; col_shadow_hover=&#8221;box_shadow_enable:disable|shadow_horizontal:0|shadow_vertical:15|shadow_blur:50|shadow_spread:0|box_shadow_color:rgba(0%2C0%2C0%2C.35)&#8221; el_class=&#8221;grid-post-margin&#8221;]<div class=\"dfd-info-banner style-11  delimiter-hidden  text-center\" ><div class=\"image-wrap\"><div class=\"image-cover dfd-img-lazy-load\"><img loading=\"lazy\" decoding=\"async\" src=\"data:image\/svg+xml;charset=utf-8,%3Csvg xmlns%3D'http%3A%2F%2Fwww.w3.org%2F2000%2Fsvg' viewBox%3D'0 0 1200 1200'%2F%3E\" data-src=\"https:\/\/darassiya.com\/wp-content\/uploads\/2017\/12\/bauhi-cover-1200x1200.jpg\" alt=\"Image\"  width=\"1200\" height=\"1200\" class=\"info-banner-image \" \/><\/div><div class=\"overlay\" ><\/div><div class=\"content-wrap\"><h6 class=\"info-box-title \" style=\"\">CHAMBRE BAUHI<\/h6><div class=\"info-box-subtitle widget-sub-title subtitle\" style=\"\">Dar Assiya<\/div><\/div><\/div><a href=\"https:\/\/darassiya.com\/fr\/chambres\/bauhi\/\" title=\"BAUHI\"  class=\"full-box-link\"><\/a><\/div>[\/vc_column][\/vc_row][vc_row dfd_row_config=&#8221;full_width_content&#8221;][vc_column width=&#8221;1\/3&#8243; el_class=&#8221;grid-post-margin&#8221; col_shadow=&#8221;box_shadow_enable:disable|shadow_horizontal:0|shadow_vertical:15|shadow_blur:50|shadow_spread:0|box_shadow_color:rgba(0%2C0%2C0%2C.35)&#8221; col_shadow_hover=&#8221;box_shadow_enable:disable|shadow_horizontal:0|shadow_vertical:15|shadow_blur:50|shadow_spread:0|box_shadow_color:rgba(0%2C0%2C0%2C.35)&#8221;]<div class=\"dfd-info-banner style-11  delimiter-hidden  text-center\" ><div class=\"image-wrap\"><div class=\"image-cover dfd-img-lazy-load\"><img loading=\"lazy\" decoding=\"async\" src=\"data:image\/svg+xml;charset=utf-8,%3Csvg xmlns%3D'http%3A%2F%2Fwww.w3.org%2F2000%2Fsvg' viewBox%3D'0 0 1200 1200'%2F%3E\" data-src=\"https:\/\/darassiya.com\/wp-content\/uploads\/2017\/12\/africa-cover-1200x1200.jpg\" alt=\"Image\"  width=\"1200\" height=\"1200\" class=\"info-banner-image \" \/><\/div><div class=\"overlay\" ><\/div><div class=\"content-wrap\"><h6 class=\"info-box-title \" style=\"\">CHAMBRE AFRICA<\/h6><div class=\"info-box-subtitle widget-sub-title subtitle\" style=\"\">Dar Assiya Le Grand<\/div><\/div><\/div><a href=\"https:\/\/darassiya.com\/fr\/chambres\/africa\/\" title=\"AFRICA\"  class=\"full-box-link\"><\/a><\/div>[\/vc_column][vc_column width=&#8221;1\/3&#8243; offset=&#8221;vc_hidden-xs&#8221; el_class=&#8221;grid-post-margin&#8221; col_shadow=&#8221;box_shadow_enable:disable|shadow_horizontal:0|shadow_vertical:15|shadow_blur:50|shadow_spread:0|box_shadow_color:rgba(0%2C0%2C0%2C.35)&#8221; col_shadow_hover=&#8221;box_shadow_enable:disable|shadow_horizontal:0|shadow_vertical:15|shadow_blur:50|shadow_spread:0|box_shadow_color:rgba(0%2C0%2C0%2C.35)&#8221;]<div class=\"dfd-info-banner style-11  delimiter-hidden  text-center\" ><div class=\"image-wrap\"><div class=\"image-cover dfd-img-lazy-load\"><img loading=\"lazy\" decoding=\"async\" src=\"data:image\/svg+xml;charset=utf-8,%3Csvg xmlns%3D'http%3A%2F%2Fwww.w3.org%2F2000%2Fsvg' viewBox%3D'0 0 1200 1200'%2F%3E\" data-src=\"https:\/\/darassiya.com\/wp-content\/uploads\/2017\/12\/dades-cover-1200x1200.jpg\" alt=\"Image\"  width=\"1200\" height=\"1200\" class=\"info-banner-image \" \/><\/div><div class=\"overlay\" ><\/div><div class=\"content-wrap\"><h6 class=\"info-box-title \" style=\"\">CHAMBRE DADES<\/h6><div class=\"info-box-subtitle widget-sub-title subtitle\" style=\"\">Dar Assiya<\/div><\/div><\/div><a href=\"https:\/\/darassiya.com\/fr\/evenements\/culture-fr\/dades\/\" title=\"DADES\"  class=\"full-box-link\"><\/a><\/div>[\/vc_column][vc_column width=&#8221;1\/3&#8243; el_class=&#8221;grid-post-margin&#8221; col_shadow=&#8221;box_shadow_enable:disable|shadow_horizontal:0|shadow_vertical:15|shadow_blur:50|shadow_spread:0|box_shadow_color:rgba(0%2C0%2C0%2C.35)&#8221; col_shadow_hover=&#8221;box_shadow_enable:disable|shadow_horizontal:0|shadow_vertical:15|shadow_blur:50|shadow_spread:0|box_shadow_color:rgba(0%2C0%2C0%2C.35)&#8221;]<div class=\"dfd-info-banner style-11  delimiter-hidden  text-center\" ><div class=\"image-wrap\"><div class=\"image-cover dfd-img-lazy-load\"><img loading=\"lazy\" decoding=\"async\" src=\"data:image\/svg+xml;charset=utf-8,%3Csvg xmlns%3D'http%3A%2F%2Fwww.w3.org%2F2000%2Fsvg' viewBox%3D'0 0 1200 1200'%2F%3E\" data-src=\"https:\/\/darassiya.com\/wp-content\/uploads\/2017\/12\/dar-assiya-riad-camere-1200x1200.jpg\" alt=\"Image\"  width=\"1200\" height=\"1200\" class=\"info-banner-image \" \/><\/div><div class=\"overlay\" ><\/div><div class=\"content-wrap\"><h6 class=\"info-box-title \" style=\"\">SUITE DUERIA<\/h6><div class=\"info-box-subtitle widget-sub-title subtitle\" style=\"\">Dar Assiya<\/div><\/div><\/div><a href=\"https:\/\/darassiya.com\/fr\/chambres\/dueria\/\" title=\"DUERIA\"  class=\"full-box-link\"><\/a><\/div>[\/vc_column][\/vc_row][vc_row dfd_row_config=&#8221;full_width_content&#8221;][vc_column width=&#8221;1\/3&#8243; column_responsive_mobile_classes=&#8221;dfd-remove-bottom-margin&#8221; el_class=&#8221;grid-post-margin&#8221; col_shadow=&#8221;box_shadow_enable:disable|shadow_horizontal:0|shadow_vertical:15|shadow_blur:50|shadow_spread:0|box_shadow_color:rgba(0%2C0%2C0%2C.35)&#8221; col_shadow_hover=&#8221;box_shadow_enable:disable|shadow_horizontal:0|shadow_vertical:15|shadow_blur:50|shadow_spread:0|box_shadow_color:rgba(0%2C0%2C0%2C.35)&#8221;][\/vc_column][vc_column width=&#8221;1\/3&#8243; column_responsive_mobile_classes=&#8221;dfd-remove-top-padding,dfd-remove-bottom-margin&#8221; css=&#8221;.vc_custom_1649955151824{background-color: #c0b7a0 !important;background-position: center !important;background-repeat: no-repeat !important;background-size: cover !important;}&#8221; col_shadow=&#8221;box_shadow_enable:disable|shadow_horizontal:0|shadow_vertical:15|shadow_blur:50|shadow_spread:0|box_shadow_color:rgba(0%2C0%2C0%2C.35)&#8221; col_shadow_hover=&#8221;box_shadow_enable:disable|shadow_horizontal:0|shadow_vertical:15|shadow_blur:50|shadow_spread:0|box_shadow_color:rgba(0%2C0%2C0%2C.35)&#8221; el_class=&#8221;grid-post-margin&#8221;][\/vc_column][vc_column width=&#8221;1\/3&#8243; column_responsive_mobile_classes=&#8221;dfd-remove-bottom-margin&#8221; el_class=&#8221;grid-post-margin&#8221; col_shadow=&#8221;box_shadow_enable:disable|shadow_horizontal:0|shadow_vertical:15|shadow_blur:50|shadow_spread:0|box_shadow_color:rgba(0%2C0%2C0%2C.35)&#8221; col_shadow_hover=&#8221;box_shadow_enable:disable|shadow_horizontal:0|shadow_vertical:15|shadow_blur:50|shadow_spread:0|box_shadow_color:rgba(0%2C0%2C0%2C.35)&#8221;][\/vc_column][\/vc_row][vc_row bg_type=&#8221;bg_color&#8221; bg_color_value=&#8221;#2a2d24&#8243; css=&#8221;.vc_custom_1456988602407{border-top-width: 10px !important;border-right-width: 10px !important;border-bottom-width: 10px !important;border-left-width: 10px !important;padding-top: 10px !important;padding-right: 10px !important;padding-bottom: 10px !important;padding-left: 10px !important;}&#8221;][vc_column width=&#8221;1\/6&#8243;][\/vc_column][vc_column width=&#8221;2\/3&#8243; el_class=&#8221;custom-newsletter&#8221;]<div class=\"dfd-spacer-module\"  data-units=\"px\" data-wide_resolution=\"1280\" data-wide_size=\"30\" data-normal_resolution=\"1024\" data-normal_size=\"30\" data-tablet_resolution=\"800\" data-tablet_size=\"30\" data-mobile_resolution=\"480\" data-mobile_size=\"30\" style=\"height: 30px;\"><\/div><div class=\"dfd-heading-shortcode\"><div class=\"dfd-heading-module-wrap  text-center style_02 dfd-heading-69eb5b2626502 dfd-disable-resposive-headings\" id=\"dfd-heading-69eb5b2626502\" ><div class=\"inline-block\"><div class=\"dfd-heading-module\"><div class=\"dfd-heading-delimiter dfd-img-lazy-load\"><\/div><\/div><\/div><\/div><script type=\"text\/javascript\">\r\n\t\t\t\t\t\t\t\t\t(function($) {\r\n\t\t\t\t\t\t\t\t\t\t$(\"head\").append(\"<style>.dfd-heading-69eb5b2626502.dfd-heading-module-wrap .dfd-heading-module .dfd-heading-delimiter {border-bottom-style:solid;border-bottom-width:1px;width:100px;border-bottom-color:#dddddd;}.dfd-heading-69eb5b2626502.dfd-heading-module-wrap .dfd-heading-module .dfd-heading-delimiter {margin-top:10px;margin-bottom:10px;}<\/style>\");\r\n\t\t\t\t\t\t\t\t\t})(jQuery);\r\n\t\t\t\t\t\t\t\t<\/script><\/div><div class=\"dfd-spacer-module\"  data-units=\"px\" data-wide_resolution=\"1280\" data-wide_size=\"30\" data-normal_resolution=\"1024\" data-normal_size=\"30\" data-tablet_resolution=\"800\" data-tablet_size=\"30\" data-mobile_resolution=\"480\" data-mobile_size=\"30\" style=\"height: 30px;\"><\/div>[\/vc_column][vc_column width=&#8221;1\/6&#8243;][\/vc_column][\/vc_row][vc_row dfd_row_config=&#8221;full_width_content_paddings&#8221; bg_type=&#8221;bg_color&#8221; bg_override=&#8221;full&#8221; css=&#8221;.vc_custom_1456986072365{background-color: #000000 !important;}&#8221;][vc_column width=&#8221;1\/4&#8243;][vc_row_inner][vc_column_inner css=&#8221;.vc_custom_1431605321348{padding-right: 10% !important;}&#8221;][\/vc_column_inner][\/vc_row_inner][\/vc_column][vc_column width=&#8221;1\/4&#8243;][vc_row_inner][vc_column_inner][\/vc_column_inner][\/vc_row_inner][\/vc_column][\/vc_row][vc_row css=&#8221;.vc_custom_1511456109957{background-color: #000000 !important;}&#8221;][vc_column]<div class=\"dfd-spacer-module\"  data-units=\"px\" data-wide_resolution=\"1280\" data-wide_size=\"136\" data-normal_resolution=\"1024\" data-normal_size=\"136\" data-tablet_resolution=\"800\" data-tablet_size=\"136\" data-mobile_resolution=\"480\" data-mobile_size=\"\" style=\"height: 136px;\"><\/div>[\/vc_column][\/vc_row][vc_row][vc_column][vc_column_text][\/vc_column_text][\/vc_column][\/vc_row]<\/p>\n<\/section>","protected":false},"excerpt":{"rendered":"<p>[vc_row dfd_row_config=&#8221;full_width_content&#8221;][vc_column width=&#8221;1\/3&#8243; column_responsive_mobile_classes=&#8221;dfd-remove-bottom-margin&#8221; col_shadow=&#8221;box_shadow_enable:disable|shadow_horizontal:0|shadow_vertical:15|shadow_blur:50|shadow_spread:0|box_shadow_color:rgba(0%2C0%2C0%2C.35)&#8221; col_shadow_hover=&#8221;box_shadow_enable:disable|shadow_horizontal:0|shadow_vertical:15|shadow_blur:50|shadow_spread:0|box_shadow_color:rgba(0%2C0%2C0%2C.35)&#8221; el_class=&#8221;grid-post-margin&#8221;][\/vc_column][vc_column width=&#8221;1\/3&#8243; column_responsive_mobile_classes=&#8221;dfd-remove-top-padding,dfd-remove-bottom-margin&#8221; css=&#8221;.vc_custom_1649955140475{background-color: #898c85 !important;background-position: center !important;background-repeat: no-repeat !important;background-size: cover !important;}&#8221; col_shadow=&#8221;box_shadow_enable:disable|shadow_horizontal:0|shadow_vertical:15|shadow_blur:50|shadow_spread:0|box_shadow_color:rgba(0%2C0%2C0%2C.35)&#8221; col_shadow_hover=&#8221;box_shadow_enable:disable|shadow_horizontal:0|shadow_vertical:15|shadow_blur:50|shadow_spread:0|box_shadow_color:rgba(0%2C0%2C0%2C.35)&#8221; el_class=&#8221;grid-post-margin&#8221;][\/vc_column][vc_column width=&#8221;1\/3&#8243; column_responsive_mobile_classes=&#8221;dfd-remove-bottom-margin&#8221; col_shadow=&#8221;box_shadow_enable:disable|shadow_horizontal:0|shadow_vertical:15|shadow_blur:50|shadow_spread:0|box_shadow_color:rgba(0%2C0%2C0%2C.35)&#8221; col_shadow_hover=&#8221;box_shadow_enable:disable|shadow_horizontal:0|shadow_vertical:15|shadow_blur:50|shadow_spread:0|box_shadow_color:rgba(0%2C0%2C0%2C.35)&#8221; el_class=&#8221;grid-post-margin&#8221;][\/vc_column][\/vc_row][vc_row dfd_row_config=&#8221;full_width_content&#8221;][vc_column width=&#8221;1\/3&#8243; el_class=&#8221;grid-post-margin&#8221; col_shadow=&#8221;box_shadow_enable:disable|shadow_horizontal:0|shadow_vertical:15|shadow_blur:50|shadow_spread:0|box_shadow_color:rgba(0%2C0%2C0%2C.35)&#8221;<\/p>\n","protected":false},"author":2,"featured_media":0,"parent":0,"menu_order":2,"comment_status":"closed","ping_status":"closed","template":"page-custom.php","meta":{"footnotes":""},"class_list":["post-17908","page","type-page","status-publish","hentry"],"yoast_head":"<!-- This site is optimized with the Yoast SEO plugin v21.7 - https:\/\/yoast.com\/wordpress\/plugins\/seo\/ -->\n<title>Les Chambres | H\u00f4tel Riad Marrakech | Dar Assiya<\/title>\n<meta name=\"description\" content=\"Chambres \u00e9l\u00e9gantes et raffin\u00e9es de style traditionnel avec tout le confort d&#039;un h\u00e9bergement de luxe. R\u00c9SERVEZ VOTRE CHAMBRE MAINTENANT\" \/>\n<meta name=\"robots\" content=\"index, follow, max-snippet:-1, max-image-preview:large, max-video-preview:-1\" \/>\n<link rel=\"canonical\" href=\"https:\/\/darassiya.com\/fr\/chambres\/\" \/>\n<meta name=\"twitter:label1\" content=\"Est. reading time\" \/>\n\t<meta name=\"twitter:data1\" content=\"2 minutes\" \/>\n<script type=\"application\/ld+json\" class=\"yoast-schema-graph\">{\"@context\":\"https:\/\/schema.org\",\"@graph\":[{\"@type\":\"WebPage\",\"@id\":\"https:\/\/darassiya.com\/fr\/chambres\/\",\"url\":\"https:\/\/darassiya.com\/fr\/chambres\/\",\"name\":\"Les Chambres | H\u00f4tel Riad Marrakech | Dar Assiya\",\"isPartOf\":{\"@id\":\"https:\/\/darassiya.com\/fr\/#website\"},\"datePublished\":\"2022-04-07T19:10:37+00:00\",\"dateModified\":\"2024-01-08T20:36:29+00:00\",\"description\":\"Chambres \u00e9l\u00e9gantes et raffin\u00e9es de style traditionnel avec tout le confort d'un h\u00e9bergement de luxe. R\u00c9SERVEZ VOTRE CHAMBRE MAINTENANT\",\"breadcrumb\":{\"@id\":\"https:\/\/darassiya.com\/fr\/chambres\/#breadcrumb\"},\"inLanguage\":\"fr-FR\",\"potentialAction\":[{\"@type\":\"ReadAction\",\"target\":[\"https:\/\/darassiya.com\/fr\/chambres\/\"]}]},{\"@type\":\"BreadcrumbList\",\"@id\":\"https:\/\/darassiya.com\/fr\/chambres\/#breadcrumb\",\"itemListElement\":[{\"@type\":\"ListItem\",\"position\":1,\"name\":\"Home\",\"item\":\"https:\/\/darassiya.com\/fr\/\"},{\"@type\":\"ListItem\",\"position\":2,\"name\":\"CHAMBRES\"}]},{\"@type\":\"WebSite\",\"@id\":\"https:\/\/darassiya.com\/fr\/#website\",\"url\":\"https:\/\/darassiya.com\/fr\/\",\"name\":\"Dar Assiya | Riad Marrakech\",\"description\":\"Riad in Marrakech\",\"publisher\":{\"@id\":\"https:\/\/darassiya.com\/fr\/#organization\"},\"potentialAction\":[{\"@type\":\"SearchAction\",\"target\":{\"@type\":\"EntryPoint\",\"urlTemplate\":\"https:\/\/darassiya.com\/fr\/?s={search_term_string}\"},\"query-input\":\"required name=search_term_string\"}],\"inLanguage\":\"fr-FR\"},{\"@type\":\"Organization\",\"@id\":\"https:\/\/darassiya.com\/fr\/#organization\",\"name\":\"Dar Assiya\",\"url\":\"https:\/\/darassiya.com\/fr\/\",\"logo\":{\"@type\":\"ImageObject\",\"inLanguage\":\"fr-FR\",\"@id\":\"https:\/\/darassiya.com\/fr\/#\/schema\/logo\/image\/\",\"url\":\"https:\/\/darassiya.com\/wp-content\/uploads\/2015\/02\/logo-content.png\",\"contentUrl\":\"https:\/\/darassiya.com\/wp-content\/uploads\/2015\/02\/logo-content.png\",\"width\":341,\"height\":367,\"caption\":\"Dar Assiya\"},\"image\":{\"@id\":\"https:\/\/darassiya.com\/fr\/#\/schema\/logo\/image\/\"},\"sameAs\":[\"https:\/\/www.facebook.com\/darassiya\/\",\"https:\/\/www.instagram.com\/darassiya\/\"]}]}<\/script>\n<!-- \/ Yoast SEO plugin. -->","yoast_head_json":{"title":"Les Chambres | H\u00f4tel Riad Marrakech | Dar Assiya","description":"Chambres \u00e9l\u00e9gantes et raffin\u00e9es de style traditionnel avec tout le confort d'un h\u00e9bergement de luxe. R\u00c9SERVEZ VOTRE CHAMBRE MAINTENANT","robots":{"index":"index","follow":"follow","max-snippet":"max-snippet:-1","max-image-preview":"max-image-preview:large","max-video-preview":"max-video-preview:-1"},"canonical":"https:\/\/darassiya.com\/fr\/chambres\/","twitter_misc":{"Est. reading time":"2 minutes"},"schema":{"@context":"https:\/\/schema.org","@graph":[{"@type":"WebPage","@id":"https:\/\/darassiya.com\/fr\/chambres\/","url":"https:\/\/darassiya.com\/fr\/chambres\/","name":"Les Chambres | H\u00f4tel Riad Marrakech | Dar Assiya","isPartOf":{"@id":"https:\/\/darassiya.com\/fr\/#website"},"datePublished":"2022-04-07T19:10:37+00:00","dateModified":"2024-01-08T20:36:29+00:00","description":"Chambres \u00e9l\u00e9gantes et raffin\u00e9es de style traditionnel avec tout le confort d'un h\u00e9bergement de luxe. R\u00c9SERVEZ VOTRE CHAMBRE MAINTENANT","breadcrumb":{"@id":"https:\/\/darassiya.com\/fr\/chambres\/#breadcrumb"},"inLanguage":"fr-FR","potentialAction":[{"@type":"ReadAction","target":["https:\/\/darassiya.com\/fr\/chambres\/"]}]},{"@type":"BreadcrumbList","@id":"https:\/\/darassiya.com\/fr\/chambres\/#breadcrumb","itemListElement":[{"@type":"ListItem","position":1,"name":"Home","item":"https:\/\/darassiya.com\/fr\/"},{"@type":"ListItem","position":2,"name":"CHAMBRES"}]},{"@type":"WebSite","@id":"https:\/\/darassiya.com\/fr\/#website","url":"https:\/\/darassiya.com\/fr\/","name":"Dar Assiya | Riad Marrakech","description":"Riad in Marrakech","publisher":{"@id":"https:\/\/darassiya.com\/fr\/#organization"},"potentialAction":[{"@type":"SearchAction","target":{"@type":"EntryPoint","urlTemplate":"https:\/\/darassiya.com\/fr\/?s={search_term_string}"},"query-input":"required name=search_term_string"}],"inLanguage":"fr-FR"},{"@type":"Organization","@id":"https:\/\/darassiya.com\/fr\/#organization","name":"Dar Assiya","url":"https:\/\/darassiya.com\/fr\/","logo":{"@type":"ImageObject","inLanguage":"fr-FR","@id":"https:\/\/darassiya.com\/fr\/#\/schema\/logo\/image\/","url":"https:\/\/darassiya.com\/wp-content\/uploads\/2015\/02\/logo-content.png","contentUrl":"https:\/\/darassiya.com\/wp-content\/uploads\/2015\/02\/logo-content.png","width":341,"height":367,"caption":"Dar Assiya"},"image":{"@id":"https:\/\/darassiya.com\/fr\/#\/schema\/logo\/image\/"},"sameAs":["https:\/\/www.facebook.com\/darassiya\/","https:\/\/www.instagram.com\/darassiya\/"]}]}},"_links":{"self":[{"href":"https:\/\/darassiya.com\/fr\/wp-json\/wp\/v2\/pages\/17908","targetHints":{"allow":["GET"]}}],"collection":[{"href":"https:\/\/darassiya.com\/fr\/wp-json\/wp\/v2\/pages"}],"about":[{"href":"https:\/\/darassiya.com\/fr\/wp-json\/wp\/v2\/types\/page"}],"author":[{"embeddable":true,"href":"https:\/\/darassiya.com\/fr\/wp-json\/wp\/v2\/users\/2"}],"replies":[{"embeddable":true,"href":"https:\/\/darassiya.com\/fr\/wp-json\/wp\/v2\/comments?post=17908"}],"version-history":[{"count":15,"href":"https:\/\/darassiya.com\/fr\/wp-json\/wp\/v2\/pages\/17908\/revisions"}],"predecessor-version":[{"id":18510,"href":"https:\/\/darassiya.com\/fr\/wp-json\/wp\/v2\/pages\/17908\/revisions\/18510"}],"wp:attachment":[{"href":"https:\/\/darassiya.com\/fr\/wp-json\/wp\/v2\/media?parent=17908"}],"curies":[{"name":"wp","href":"https:\/\/api.w.org\/{rel}","templated":true}]}}