{"id":17869,"date":"2022-04-06T20:24:54","date_gmt":"2022-04-06T18:24:54","guid":{"rendered":"https:\/\/darassiya-test.studioconcept.biz\/services\/"},"modified":"2023-12-26T16:26:36","modified_gmt":"2023-12-26T15:26:36","slug":"services","status":"publish","type":"page","link":"https:\/\/darassiya.com\/fr\/services\/","title":{"rendered":"Services"},"content":{"rendered":"<section class=\"wpb-content-wrapper\"><p>[vc_row force_equal_height_columns=&#8221;main_row&#8221; dfd_row_config=&#8221;full_width_content&#8221; mobile_destroy_equal_heights=&#8221;yes&#8221; full_width=&#8221;&#8221; css=&#8221;.vc_custom_1511542204734{background-color: #f4f4f4 !important;}&#8221;][vc_column width=&#8221;1\/2&#8243; css=&#8221;.vc_custom_1511778938887{padding-top: 8% !important;padding-right: 8% !important;padding-bottom: 8% !important;padding-left: 8% !important;}&#8221;]<div class=\"dfd-heading-shortcode\"><div class=\"dfd-heading-module-wrap  text-center style_05 dfd-heading-69f59e953205f dfd-disable-resposive-headings\" id=\"dfd-heading-69f59e953205f\" ><div class=\"inline-block\"><div class=\"dfd-heading-module\"><h4 class=\"widget-title dfd-title \" style=\"color: #000000 !important; \"><\/p>\n<h4 style=\"text-align: center;\">HAMMAM &amp; SPA<\/h4>\n<p><\/h4><div class=\"dfd-heading-delimiter dfd-img-lazy-load\"><\/div><\/div><\/div><\/div><script type=\"text\/javascript\">\r\n\t\t\t\t\t\t\t\t\t(function($) {\r\n\t\t\t\t\t\t\t\t\t\t$(\"head\").append(\"<style>.dfd-heading-69f59e953205f.dfd-heading-module-wrap .dfd-heading-module .dfd-heading-delimiter {border-bottom-style:solid;border-bottom-width:1px;width:100px;border-bottom-color:#000000;}.dfd-heading-69f59e953205f.dfd-heading-module-wrap .dfd-heading-module .dfd-heading-delimiter {margin-top:10px;margin-bottom:10px;}<\/style>\");\r\n\t\t\t\t\t\t\t\t\t})(jQuery);\r\n\t\t\t\t\t\t\t\t<\/script><\/div>[vc_column_text el_id=&#8221;paragrafo-giustificato&#8221; el_class=&#8221;paragrafo-giustificato&#8221;]Le hammam fait parti des rituels au Maroc, chaque maroccain se rendant au hammam au moins une fois chaque semaine, s&#8217;octroyant ainsi un temps pour pour <strong>r\u00e9g\u00e9n\u00e9rer son esprit et son corps<\/strong>.<\/p>\n<p>Au travers de notre partenariat avec le Spa Eliza, Dar Assiya vous offre cette exp\u00e9rience unique. Notre \u00e9quipe est \u00e0 votre disposition afin de vous apporter toutes les informations n\u00e9cessaires pour faire vos choix parmi les diff\u00e9rents rituels propos\u00e9s. Nous pouvons ensuite effectuer la r\u00e9servation en votre nom afin de vous assurer la <strong>disponibilit\u00e9<\/strong> et <strong>les meilleures conditions tarifaires<\/strong>.[\/vc_column_text][vc_column_text]<\/p>\n<p style=\"text-align: center;\">\n<strong>INFORMATIONS ET R\u00c9SERVATIONS<\/strong><\/p>\n<p style=\"text-align: center;\"><strong>Email:<\/strong>\u00a0 info@darassiya.com<\/p>\n<p>[\/vc_column_text][\/vc_column][vc_column width=&#8221;1\/2&#8243; css=&#8221;.vc_custom_1516890789217{padding-top: 20% !important;padding-bottom: 20% !important;background-image: url(https:\/\/darassiya.com\/wp-content\/uploads\/2018\/01\/le-petite-hammam-01.jpg?id=16853) !important;background-position: center !important;background-repeat: no-repeat !important;background-size: cover !important;}&#8221;][\/vc_column][\/vc_row][vc_row force_equal_height_columns=&#8221;main_row&#8221; dfd_row_config=&#8221;full_width_content&#8221; mobile_destroy_equal_heights=&#8221;yes&#8221; full_width=&#8221;&#8221; css=&#8221;.vc_custom_1511542204734{background-color: #f4f4f4 !important;}&#8221;][vc_column width=&#8221;1\/2&#8243; css=&#8221;.vc_custom_1511778700282{padding-top: 20% !important;padding-bottom: 20% !important;background-image: url(https:\/\/darassiya.com\/wp-content\/uploads\/2016\/03\/africa-6.jpg?id=14653) !important;background-position: center !important;background-repeat: no-repeat !important;background-size: cover !important;}&#8221;][\/vc_column][vc_column width=&#8221;1\/2&#8243; css=&#8221;.vc_custom_1511778938887{padding-top: 8% !important;padding-right: 8% !important;padding-bottom: 8% !important;padding-left: 8% !important;}&#8221;]<div class=\"dfd-heading-shortcode\"><div class=\"dfd-heading-module-wrap  text-center style_02 dfd-heading-69f59e95320df dfd-disable-resposive-headings\" id=\"dfd-heading-69f59e95320df\" ><div class=\"inline-block\"><div class=\"dfd-heading-module\"><h5 class=\"widget-title dfd-title \" style=\"\">MASSAGES A DAR ASSIYA<\/h5><div class=\"dfd-heading-delimiter dfd-img-lazy-load\"><\/div><\/div><\/div><\/div><script type=\"text\/javascript\">\r\n\t\t\t\t\t\t\t\t\t(function($) {\r\n\t\t\t\t\t\t\t\t\t\t$(\"head\").append(\"<style>.dfd-heading-69f59e95320df.dfd-heading-module-wrap .dfd-heading-module .dfd-heading-delimiter {border-bottom-style:solid;border-bottom-width:1px;width:100px;border-bottom-color:#dddddd;}.dfd-heading-69f59e95320df.dfd-heading-module-wrap .dfd-heading-module .dfd-heading-delimiter {margin-top:10px;margin-bottom:10px;}<\/style>\");\r\n\t\t\t\t\t\t\t\t\t})(jQuery);\r\n\t\t\t\t\t\t\t\t<\/script><\/div>[vc_column_text]En venant au Maroc et \u00e0 Marrakech en particulier, vous ne pouvez passer \u00e0 c\u00f4t\u00e9 des <strong>massages \u00e0 l\u2019huile d\u2019argan et aux huiles essentielle<\/strong>s. Ils font partis des rituels \u00e0 ne pas manquer.<\/p>\n<p>A Dar Assiya, <strong>nous avons notre propre masseuse<\/strong>. Sur r\u00e9servation, vous pouvez b\u00e9n\u00e9ficier de ses services. A titre indicatif, les tarifs sont de 450Dhs pour un massage de 45&#8242; et de 550&#8242; pour un massage d&#8217;une heure.[\/vc_column_text][vc_column_text]&nbsp;<\/p>\n<p style=\"text-align: center;\"><strong>INFORMATIONS ET R\u00c9SERVATIONS<\/strong><\/p>\n<p style=\"text-align: center;\"><span class=\"s1\"><strong>Email:<\/strong>\u00a0 info@darssiya.com<\/span><\/p>\n<p>[\/vc_column_text][\/vc_column][\/vc_row][vc_row force_equal_height_columns=&#8221;main_row&#8221; dfd_row_config=&#8221;full_width_content&#8221; mobile_destroy_equal_heights=&#8221;yes&#8221; full_width=&#8221;&#8221; css=&#8221;.vc_custom_1511542214762{background-color: #f4f4f4 !important;}&#8221;][vc_column width=&#8221;1\/2&#8243; css=&#8221;.vc_custom_1511777326862{padding-top: 8% !important;padding-right: 8% !important;padding-bottom: 8% !important;padding-left: 8% !important;}&#8221;]<div class=\"dfd-heading-shortcode\"><div class=\"dfd-heading-module-wrap  text-center style_02 dfd-heading-69f59e9532148 dfd-disable-resposive-headings\" id=\"dfd-heading-69f59e9532148\" ><div class=\"inline-block\"><div class=\"dfd-heading-module\"><h5 class=\"widget-title dfd-title \" style=\"\">DISPONIBILITE 24\/24<\/h5><div class=\"dfd-heading-delimiter dfd-img-lazy-load\"><\/div><\/div><\/div><\/div><script type=\"text\/javascript\">\r\n\t\t\t\t\t\t\t\t\t(function($) {\r\n\t\t\t\t\t\t\t\t\t\t$(\"head\").append(\"<style>.dfd-heading-69f59e9532148.dfd-heading-module-wrap .dfd-heading-module .dfd-heading-delimiter {border-bottom-style:solid;border-bottom-width:1px;width:100px;border-bottom-color:#dddddd;}.dfd-heading-69f59e9532148.dfd-heading-module-wrap .dfd-heading-module .dfd-heading-delimiter {margin-top:10px;margin-bottom:10px;}<\/style>\");\r\n\t\t\t\t\t\t\t\t\t})(jQuery);\r\n\t\t\t\t\t\t\t\t<\/script><\/div>[vc_column_text]L\u2019\u00e9quipe de Dar Assiya est \u00e0 votre disposition pour organiser <strong>vos transferts<\/strong>, que ce soit lors de votre arriv\u00e9e ou de votre d\u00e9part ou encore tout au long de votre s\u00e9jour. <strong>Notre chauffeur<\/strong> est \u00e0 votre disposition.<\/p>\n<p>Pour de courts trajets dans la M\u00e9dina et les Souks, l&#8217;\u00e9quipe du riad vous accompagne.<\/p>\n<p>En cas d\u2019urgences ou simples n\u00e9cessit\u00e9s, un membre du personnel du riad r\u00e9pondra \u00e0 vos appels et trouvera une solution \u00e0 tous vos besoins.[\/vc_column_text][\/vc_column][vc_column width=&#8221;1\/2&#8243; css=&#8221;.vc_custom_1516895345151{padding-top: 20% !important;padding-bottom: 20% !important;background-image: url(https:\/\/darassiya.com\/wp-content\/uploads\/2018\/01\/pexels-photo-261628.jpg?id=16949) !important;background-position: center !important;background-repeat: no-repeat !important;background-size: cover !important;}&#8221;][\/vc_column][\/vc_row][vc_row force_equal_height_columns=&#8221;main_row&#8221; dfd_row_config=&#8221;full_width_content&#8221; mobile_destroy_equal_heights=&#8221;yes&#8221; full_width=&#8221;&#8221; css=&#8221;.vc_custom_1511542214762{background-color: #f4f4f4 !important;}&#8221;][vc_column width=&#8221;1\/2&#8243; css=&#8221;.vc_custom_1511778830121{padding-top: 20% !important;padding-bottom: 20% !important;background-image: url(https:\/\/darassiya.com\/wp-content\/uploads\/2015\/02\/Slider4.jpg?id=11316) !important;background-position: center !important;background-repeat: no-repeat !important;background-size: cover !important;}&#8221;][\/vc_column][vc_column width=&#8221;1\/2&#8243; css=&#8221;.vc_custom_1511777326862{padding-top: 8% !important;padding-right: 8% !important;padding-bottom: 8% !important;padding-left: 8% !important;}&#8221;]<div class=\"dfd-heading-shortcode\"><div class=\"dfd-heading-module-wrap  text-center style_02 dfd-heading-69f59e9532192 dfd-disable-resposive-headings\" id=\"dfd-heading-69f59e9532192\" ><div class=\"inline-block\"><div class=\"dfd-heading-module\"><h5 class=\"widget-title dfd-title \" style=\"\">EXCURSIONS PERSONNALIS\u00c9ES<\/h5><div class=\"dfd-heading-delimiter dfd-img-lazy-load\"><\/div><\/div><\/div><\/div><script type=\"text\/javascript\">\r\n\t\t\t\t\t\t\t\t\t(function($) {\r\n\t\t\t\t\t\t\t\t\t\t$(\"head\").append(\"<style>.dfd-heading-69f59e9532192.dfd-heading-module-wrap .dfd-heading-module .dfd-heading-delimiter {border-bottom-style:solid;border-bottom-width:1px;width:100px;border-bottom-color:#dddddd;}.dfd-heading-69f59e9532192.dfd-heading-module-wrap .dfd-heading-module .dfd-heading-delimiter {margin-top:10px;margin-bottom:10px;}<\/style>\");\r\n\t\t\t\t\t\t\t\t\t})(jQuery);\r\n\t\t\t\t\t\t\t\t<\/script><\/div>[vc_column_text]Le Maroc est un merveilleux pays. Que ce soit \u00e0 Marrakech ou dans les environs,<strong> les excursions et visites \u00e0 la journ\u00e9e sont multiples<\/strong>: la d\u00e9couverte de la m\u00e9dina, les jardins Majorelle, le proche Atlas ou encore la c\u00f4te atlantique.<\/p>\n<p>Profitez <strong>des services de notre chauffeur<\/strong> pour partir en excursions ou encore de ceux du <strong>guide<\/strong> avec lequel nous travaillons afin de d\u00e9couvrir Marrakech sous ses moindres aspects.[\/vc_column_text][vc_column_text]<\/p>\n<p style=\"text-align: center;\">\n<strong>INFORMATIONS ET R\u00c9SERVATIONS<\/strong><\/p>\n<p style=\"text-align: center;\">R\u00e9servez dans la mesure du possible avant votre arriv\u00e9e, afin de vous assurer choix et disponibilit\u00e9s.<br \/>\n<span class=\"s1\"><br \/>\n<strong>Email:<\/strong>\u00a0 info@darassiya.com<\/span><\/p>\n<p>[\/vc_column_text][\/vc_column][\/vc_row][vc_row force_equal_height_columns=&#8221;main_row&#8221; dfd_row_config=&#8221;full_width_content&#8221; mobile_destroy_equal_heights=&#8221;yes&#8221; full_width=&#8221;&#8221; css=&#8221;.vc_custom_1511542246001{background-color: #f4f4f4 !important;}&#8221;][vc_column width=&#8221;1\/2&#8243; css=&#8221;.vc_custom_1511777321878{padding-top: 8% !important;padding-right: 8% !important;padding-bottom: 8% !important;padding-left: 8% !important;}&#8221;][vc_column_text]<\/p>\n<h6 style=\"text-align: center; font-size: 13px !important;\">DAR ASSIYA LE GRAND<\/h6>\n<p>[\/vc_column_text]<div class=\"dfd-heading-shortcode\"><div class=\"dfd-heading-module-wrap  text-center style_05 dfd-heading-69f59e95321db dfd-disable-resposive-headings\" id=\"dfd-heading-69f59e95321db\" ><div class=\"inline-block\"><div class=\"dfd-heading-module\"><h4 class=\"widget-title dfd-title \" style=\"color: #000000 !important; \"><\/p>\n<h4 style=\"text-align: center;\">COURS DE CUISINE<\/h4>\n<p><\/h4><div class=\"dfd-heading-delimiter dfd-img-lazy-load\"><\/div><\/div><\/div><\/div><script type=\"text\/javascript\">\r\n\t\t\t\t\t\t\t\t\t(function($) {\r\n\t\t\t\t\t\t\t\t\t\t$(\"head\").append(\"<style>.dfd-heading-69f59e95321db.dfd-heading-module-wrap .dfd-heading-module .dfd-heading-delimiter {border-bottom-style:solid;border-bottom-width:1px;width:100px;border-bottom-color:#000000;}.dfd-heading-69f59e95321db.dfd-heading-module-wrap .dfd-heading-module .dfd-heading-delimiter {margin-top:10px;margin-bottom:10px;}<\/style>\");\r\n\t\t\t\t\t\t\t\t\t})(jQuery);\r\n\t\t\t\t\t\t\t\t<\/script><\/div>[vc_column_text el_class=&#8221;paragrafo-giustificato&#8221;]<\/p>\n<p class=\"p1\">Durant votre s\u00e9jour ,vous pourrez d\u00e9couvrir <strong>les secrets de la cuisine<\/strong> marocaine traditionnelle ,une des cuisines les plus savoureuses au monde.<\/p>\n<p class=\"p1\">Le matin vous aurez la possibilit\u00e9 de faire les courses au march\u00e9 avec la chef de Dar Assiya et ce juste \u00e0 c\u00f4t\u00e9 de Riad pour ainsi choisir des produits de saison.<\/p>\n<p class=\"p1\">Vous apprendrez <strong>comment cuisiner certains plats typiques<\/strong> (tajines, briouates,pastila, couscous\u2026) sans oublier les d\u00e9licieuses p\u00e2tisseries marocaines.<\/p>\n<p class=\"p1\">Vous pourrez d\u00e9guster vos pr\u00e9parations du matin au d\u00eener du soir !<\/p>\n<p>[\/vc_column_text][vc_column_text]&nbsp;<\/p>\n<p style=\"text-align: center;\">\n<strong>INFORMATIONS ET R\u00c9SERVATIONS<\/strong><\/p>\n<p style=\"text-align: center;\"><strong>Email:<\/strong> info@darassiya.com<\/p>\n<p>[\/vc_column_text][\/vc_column][vc_column width=&#8221;1\/2&#8243; css=&#8221;.vc_custom_1511778870776{padding-top: 20% !important;padding-bottom: 20% !important;background-image: url(https:\/\/darassiya.com\/wp-content\/uploads\/2016\/03\/ristorante-5.jpg?id=14901) !important;background-position: center !important;background-repeat: no-repeat !important;background-size: cover !important;}&#8221;][\/vc_column][\/vc_row][vc_row bg_type=&#8221;bg_color&#8221; bg_color_value=&#8221;#2a2d24&#8243; css=&#8221;.vc_custom_1456988602407{border-top-width: 10px !important;border-right-width: 10px !important;border-bottom-width: 10px !important;border-left-width: 10px !important;padding-top: 10px !important;padding-right: 10px !important;padding-bottom: 10px !important;padding-left: 10px !important;}&#8221;][vc_column width=&#8221;1\/6&#8243;][\/vc_column][vc_column width=&#8221;2\/3&#8243; el_class=&#8221;custom-newsletter&#8221;]<div class=\"dfd-spacer-module\"  data-units=\"px\" data-wide_resolution=\"1280\" data-wide_size=\"30\" data-normal_resolution=\"1024\" data-normal_size=\"30\" data-tablet_resolution=\"800\" data-tablet_size=\"30\" data-mobile_resolution=\"480\" data-mobile_size=\"30\" style=\"height: 30px;\"><\/div><div class=\"dfd-heading-shortcode\"><div class=\"dfd-heading-module-wrap  text-center style_02 dfd-heading-69f59e9532254 dfd-disable-resposive-headings\" id=\"dfd-heading-69f59e9532254\" ><div class=\"inline-block\"><div class=\"dfd-heading-module\"><div class=\"dfd-heading-delimiter dfd-img-lazy-load\"><\/div><\/div><\/div><\/div><script type=\"text\/javascript\">\r\n\t\t\t\t\t\t\t\t\t(function($) {\r\n\t\t\t\t\t\t\t\t\t\t$(\"head\").append(\"<style>.dfd-heading-69f59e9532254.dfd-heading-module-wrap .dfd-heading-module .dfd-heading-delimiter {border-bottom-style:solid;border-bottom-width:1px;width:100px;border-bottom-color:#dddddd;}.dfd-heading-69f59e9532254.dfd-heading-module-wrap .dfd-heading-module .dfd-heading-delimiter {margin-top:10px;margin-bottom:10px;}<\/style>\");\r\n\t\t\t\t\t\t\t\t\t})(jQuery);\r\n\t\t\t\t\t\t\t\t<\/script><\/div><div class=\"dfd-spacer-module\"  data-units=\"px\" data-wide_resolution=\"1280\" data-wide_size=\"30\" data-normal_resolution=\"1024\" data-normal_size=\"30\" data-tablet_resolution=\"800\" data-tablet_size=\"30\" data-mobile_resolution=\"480\" data-mobile_size=\"30\" style=\"height: 30px;\"><\/div>[\/vc_column][vc_column width=&#8221;1\/6&#8243;][\/vc_column][\/vc_row][vc_row dfd_row_config=&#8221;full_width_content_paddings&#8221; bg_type=&#8221;bg_color&#8221; bg_override=&#8221;full&#8221; css=&#8221;.vc_custom_1456986072365{background-color: #000000 !important;}&#8221;][vc_column width=&#8221;1\/4&#8243;][vc_row_inner][vc_column_inner css=&#8221;.vc_custom_1431605321348{padding-right: 10% !important;}&#8221;][\/vc_column_inner][\/vc_row_inner][\/vc_column][vc_column width=&#8221;1\/4&#8243;][vc_row_inner][vc_column_inner][\/vc_column_inner][\/vc_row_inner][\/vc_column][\/vc_row][vc_row css=&#8221;.vc_custom_1511517534616{background-color: #000000 !important;}&#8221;][vc_column]<div class=\"dfd-spacer-module\"  data-units=\"px\" data-wide_resolution=\"1280\" data-wide_size=\"130\" data-normal_resolution=\"1024\" data-normal_size=\"130\" data-tablet_resolution=\"800\" data-tablet_size=\"130\" data-mobile_resolution=\"480\" data-mobile_size=\"\" style=\"height: 130px;\"><\/div>[\/vc_column][\/vc_row][vc_row][vc_column][vc_column_text][\/vc_column_text][\/vc_column][\/vc_row]<\/p>\n<\/section>","protected":false},"excerpt":{"rendered":"<p>[vc_row force_equal_height_columns=&#8221;main_row&#8221; dfd_row_config=&#8221;full_width_content&#8221; mobile_destroy_equal_heights=&#8221;yes&#8221; full_width=&#8221;&#8221; css=&#8221;.vc_custom_1511542204734{background-color: #f4f4f4 !important;}&#8221;][vc_column width=&#8221;1\/2&#8243; css=&#8221;.vc_custom_1511778938887{padding-top: 8% !important;padding-right: 8% !important;padding-bottom: 8% !important;padding-left: 8% !important;}&#8221;][vc_column_text el_id=&#8221;paragrafo-giustificato&#8221; el_class=&#8221;paragrafo-giustificato&#8221;]Le hammam fait parti des rituels au Maroc, chaque maroccain se<\/p>\n","protected":false},"author":2,"featured_media":0,"parent":0,"menu_order":12,"comment_status":"closed","ping_status":"closed","template":"page-custom.php","meta":{"footnotes":""},"class_list":["post-17869","page","type-page","status-publish","hentry"],"yoast_head":"<!-- This site is optimized with the Yoast SEO plugin v21.7 - https:\/\/yoast.com\/wordpress\/plugins\/seo\/ -->\n<title>Services et excursions | RiadMarrakech | Dar Assiya<\/title>\n<meta name=\"description\" content=\"Nous offrons \u00e0 nos clients des services tels que des soins de bien-\u00eatre, des excursions, des cours de cuisine marocaine et bien plus encore, pour un s\u00e9jour inoubliable\" \/>\n<meta name=\"robots\" content=\"index, follow, max-snippet:-1, max-image-preview:large, max-video-preview:-1\" \/>\n<link rel=\"canonical\" href=\"https:\/\/darassiya.com\/fr\/services\/\" \/>\n<meta name=\"twitter:label1\" content=\"Est. reading time\" \/>\n\t<meta name=\"twitter:data1\" content=\"6 minutes\" \/>\n<script type=\"application\/ld+json\" class=\"yoast-schema-graph\">{\"@context\":\"https:\/\/schema.org\",\"@graph\":[{\"@type\":\"WebPage\",\"@id\":\"https:\/\/darassiya.com\/fr\/services\/\",\"url\":\"https:\/\/darassiya.com\/fr\/services\/\",\"name\":\"Services et excursions | RiadMarrakech | Dar Assiya\",\"isPartOf\":{\"@id\":\"https:\/\/darassiya.com\/fr\/#website\"},\"datePublished\":\"2022-04-06T18:24:54+00:00\",\"dateModified\":\"2023-12-26T15:26:36+00:00\",\"description\":\"Nous offrons \u00e0 nos clients des services tels que des soins de bien-\u00eatre, des excursions, des cours de cuisine marocaine et bien plus encore, pour un s\u00e9jour inoubliable\",\"breadcrumb\":{\"@id\":\"https:\/\/darassiya.com\/fr\/services\/#breadcrumb\"},\"inLanguage\":\"fr-FR\",\"potentialAction\":[{\"@type\":\"ReadAction\",\"target\":[\"https:\/\/darassiya.com\/fr\/services\/\"]}]},{\"@type\":\"BreadcrumbList\",\"@id\":\"https:\/\/darassiya.com\/fr\/services\/#breadcrumb\",\"itemListElement\":[{\"@type\":\"ListItem\",\"position\":1,\"name\":\"Home\",\"item\":\"https:\/\/darassiya.com\/fr\/\"},{\"@type\":\"ListItem\",\"position\":2,\"name\":\"Services\"}]},{\"@type\":\"WebSite\",\"@id\":\"https:\/\/darassiya.com\/fr\/#website\",\"url\":\"https:\/\/darassiya.com\/fr\/\",\"name\":\"Dar Assiya | Riad Marrakech\",\"description\":\"Riad in Marrakech\",\"publisher\":{\"@id\":\"https:\/\/darassiya.com\/fr\/#organization\"},\"potentialAction\":[{\"@type\":\"SearchAction\",\"target\":{\"@type\":\"EntryPoint\",\"urlTemplate\":\"https:\/\/darassiya.com\/fr\/?s={search_term_string}\"},\"query-input\":\"required name=search_term_string\"}],\"inLanguage\":\"fr-FR\"},{\"@type\":\"Organization\",\"@id\":\"https:\/\/darassiya.com\/fr\/#organization\",\"name\":\"Dar Assiya\",\"url\":\"https:\/\/darassiya.com\/fr\/\",\"logo\":{\"@type\":\"ImageObject\",\"inLanguage\":\"fr-FR\",\"@id\":\"https:\/\/darassiya.com\/fr\/#\/schema\/logo\/image\/\",\"url\":\"https:\/\/darassiya.com\/wp-content\/uploads\/2015\/02\/logo-content.png\",\"contentUrl\":\"https:\/\/darassiya.com\/wp-content\/uploads\/2015\/02\/logo-content.png\",\"width\":341,\"height\":367,\"caption\":\"Dar Assiya\"},\"image\":{\"@id\":\"https:\/\/darassiya.com\/fr\/#\/schema\/logo\/image\/\"},\"sameAs\":[\"https:\/\/www.facebook.com\/darassiya\/\",\"https:\/\/www.instagram.com\/darassiya\/\"]}]}<\/script>\n<!-- \/ Yoast SEO plugin. -->","yoast_head_json":{"title":"Services et excursions | RiadMarrakech | Dar Assiya","description":"Nous offrons \u00e0 nos clients des services tels que des soins de bien-\u00eatre, des excursions, des cours de cuisine marocaine et bien plus encore, pour un s\u00e9jour inoubliable","robots":{"index":"index","follow":"follow","max-snippet":"max-snippet:-1","max-image-preview":"max-image-preview:large","max-video-preview":"max-video-preview:-1"},"canonical":"https:\/\/darassiya.com\/fr\/services\/","twitter_misc":{"Est. reading time":"6 minutes"},"schema":{"@context":"https:\/\/schema.org","@graph":[{"@type":"WebPage","@id":"https:\/\/darassiya.com\/fr\/services\/","url":"https:\/\/darassiya.com\/fr\/services\/","name":"Services et excursions | RiadMarrakech | Dar Assiya","isPartOf":{"@id":"https:\/\/darassiya.com\/fr\/#website"},"datePublished":"2022-04-06T18:24:54+00:00","dateModified":"2023-12-26T15:26:36+00:00","description":"Nous offrons \u00e0 nos clients des services tels que des soins de bien-\u00eatre, des excursions, des cours de cuisine marocaine et bien plus encore, pour un s\u00e9jour inoubliable","breadcrumb":{"@id":"https:\/\/darassiya.com\/fr\/services\/#breadcrumb"},"inLanguage":"fr-FR","potentialAction":[{"@type":"ReadAction","target":["https:\/\/darassiya.com\/fr\/services\/"]}]},{"@type":"BreadcrumbList","@id":"https:\/\/darassiya.com\/fr\/services\/#breadcrumb","itemListElement":[{"@type":"ListItem","position":1,"name":"Home","item":"https:\/\/darassiya.com\/fr\/"},{"@type":"ListItem","position":2,"name":"Services"}]},{"@type":"WebSite","@id":"https:\/\/darassiya.com\/fr\/#website","url":"https:\/\/darassiya.com\/fr\/","name":"Dar Assiya | Riad Marrakech","description":"Riad in Marrakech","publisher":{"@id":"https:\/\/darassiya.com\/fr\/#organization"},"potentialAction":[{"@type":"SearchAction","target":{"@type":"EntryPoint","urlTemplate":"https:\/\/darassiya.com\/fr\/?s={search_term_string}"},"query-input":"required name=search_term_string"}],"inLanguage":"fr-FR"},{"@type":"Organization","@id":"https:\/\/darassiya.com\/fr\/#organization","name":"Dar Assiya","url":"https:\/\/darassiya.com\/fr\/","logo":{"@type":"ImageObject","inLanguage":"fr-FR","@id":"https:\/\/darassiya.com\/fr\/#\/schema\/logo\/image\/","url":"https:\/\/darassiya.com\/wp-content\/uploads\/2015\/02\/logo-content.png","contentUrl":"https:\/\/darassiya.com\/wp-content\/uploads\/2015\/02\/logo-content.png","width":341,"height":367,"caption":"Dar Assiya"},"image":{"@id":"https:\/\/darassiya.com\/fr\/#\/schema\/logo\/image\/"},"sameAs":["https:\/\/www.facebook.com\/darassiya\/","https:\/\/www.instagram.com\/darassiya\/"]}]}},"_links":{"self":[{"href":"https:\/\/darassiya.com\/fr\/wp-json\/wp\/v2\/pages\/17869","targetHints":{"allow":["GET"]}}],"collection":[{"href":"https:\/\/darassiya.com\/fr\/wp-json\/wp\/v2\/pages"}],"about":[{"href":"https:\/\/darassiya.com\/fr\/wp-json\/wp\/v2\/types\/page"}],"author":[{"embeddable":true,"href":"https:\/\/darassiya.com\/fr\/wp-json\/wp\/v2\/users\/2"}],"replies":[{"embeddable":true,"href":"https:\/\/darassiya.com\/fr\/wp-json\/wp\/v2\/comments?post=17869"}],"version-history":[{"count":20,"href":"https:\/\/darassiya.com\/fr\/wp-json\/wp\/v2\/pages\/17869\/revisions"}],"predecessor-version":[{"id":18428,"href":"https:\/\/darassiya.com\/fr\/wp-json\/wp\/v2\/pages\/17869\/revisions\/18428"}],"wp:attachment":[{"href":"https:\/\/darassiya.com\/fr\/wp-json\/wp\/v2\/media?parent=17869"}],"curies":[{"name":"wp","href":"https:\/\/api.w.org\/{rel}","templated":true}]}}