{"id":17850,"date":"2022-04-05T21:29:05","date_gmt":"2022-04-05T19:29:05","guid":{"rendered":"https:\/\/darassiya-test.studioconcept.biz\/massage-par-type\/"},"modified":"2022-04-05T21:29:06","modified_gmt":"2022-04-05T19:29:06","slug":"massage-par-type","status":"publish","type":"page","link":"https:\/\/darassiya.com\/fr\/services\/massage-par-type\/","title":{"rendered":"MASSAGE PAR TYPE"},"content":{"rendered":"<section class=\"wpb-content-wrapper\"><p>[vc_row dfd_row_config=&#8221;full_width_content&#8221; full_width=&#8221;&#8221;][vc_column]<div class=\"dfd-spacer-module\"  data-units=\"px\" data-wide_resolution=\"1280\" data-wide_size=\"30\" data-normal_resolution=\"1024\" data-normal_size=\"30\" data-tablet_resolution=\"800\" data-tablet_size=\"30\" data-mobile_resolution=\"480\" data-mobile_size=\"30\" style=\"height: 30px;\"><\/div><div class=\"dfd-heading-shortcode\"><div class=\"dfd-heading-module-wrap  text-center style_02 dfd-heading-69df25846bc1a dfd-disable-resposive-headings\" id=\"dfd-heading-69df25846bc1a\" ><div class=\"inline-block\"><div class=\"dfd-heading-module\"><h5 class=\"widget-title dfd-title \" style=\"\">MASSAGE PAR TYPE<\/h5><div class=\"dfd-heading-delimiter dfd-img-lazy-load\"><\/div><\/div><\/div><\/div><script type=\"text\/javascript\">\r\n\t\t\t\t\t\t\t\t\t(function($) {\r\n\t\t\t\t\t\t\t\t\t\t$(\"head\").append(\"<style>.dfd-heading-69df25846bc1a.dfd-heading-module-wrap .dfd-heading-module .dfd-heading-delimiter {border-bottom-style:solid;border-bottom-width:1px;width:100px;border-bottom-color:#dddddd;}.dfd-heading-69df25846bc1a.dfd-heading-module-wrap .dfd-heading-module .dfd-heading-delimiter {margin-top:10px;margin-bottom:10px;}<\/style>\");\r\n\t\t\t\t\t\t\t\t\t})(jQuery);\r\n\t\t\t\t\t\t\t\t<\/script><\/div><div class=\"dfd-spacer-module\"  data-units=\"px\" data-wide_resolution=\"1280\" data-wide_size=\"30\" data-normal_resolution=\"1024\" data-normal_size=\"30\" data-tablet_resolution=\"800\" data-tablet_size=\"30\" data-mobile_resolution=\"480\" data-mobile_size=\"30\" style=\"height: 30px;\"><\/div>[vc_single_image image=&#8221;14855&#8243; img_size=&#8221;full&#8221; alignment=&#8221;center&#8221; onclick=&#8221;link_image&#8221;]<div class=\"dfd-spacer-module\"  data-units=\"px\" data-wide_resolution=\"1280\" data-wide_size=\"30\" data-normal_resolution=\"1024\" data-normal_size=\"30\" data-tablet_resolution=\"800\" data-tablet_size=\"30\" data-mobile_resolution=\"480\" data-mobile_size=\"30\" style=\"height: 30px;\"><\/div>[\/vc_column][\/vc_row][vc_row full_width=&#8221;&#8221;][vc_column width=&#8221;1\/6&#8243;][\/vc_column][vc_column width=&#8221;2\/3&#8243;][vc_column_text]<\/p>\n<p style=\"text-align: center;\"><strong>LE SERVICE EST DISPONIBLE POUR LES CLIENTS DES DEUX RIAD. R\u00c9SERVATION N\u00c9C\u00c9SSAIRE.\u00a0<\/strong><br \/>\n<strong>INFORMATIONS ET R\u00c9SERVATIONS<\/strong><\/p>\n<p style=\"text-align: center;\">Dar Assiya Le Grand \u2013 <strong>Phone:<\/strong>\u00a0<span class=\"s1\"><a href=\"tel:+212524382180\">(+212) 524382180<\/a> \u2013 <a href=\"tel:+212524382181\">(+212) 524382181<\/a><\/span><br \/>\nDar Assiya Le Petit \u2013 <strong>Phone:<\/strong> <span class=\"s1\"><a href=\"tel:+212534895766\">(+212) 534895766<\/a> \u2013 <a href=\"tel:+212534895732\">(+212) 534895732<\/a><br \/>\n<strong>Email:<\/strong> \u00a0<a href=\"mailto:info@darassiya.com\">info@darassiya.com<\/a><\/span><\/p>\n<p>[\/vc_column_text]<div class=\"dfd-spacer-module\"  data-units=\"px\" data-wide_resolution=\"1280\" data-wide_size=\"30\" data-normal_resolution=\"1024\" data-normal_size=\"30\" data-tablet_resolution=\"800\" data-tablet_size=\"30\" data-mobile_resolution=\"480\" data-mobile_size=\"30\" style=\"height: 30px;\"><\/div>[vc_row_inner][vc_column_inner width=&#8221;1\/2&#8243;][vc_column_text el_class=&#8221;paragrafo-giustificato&#8221;]<strong>Le massage relaxant \u2013 60 min \/ 30 min<br \/>\n<\/strong>Le massage aux huiles essentiels \u00a0(ambre, fleur d\u2019oranger, rose, Argan)\u00a0s\u2019ex\u00e9cute principalement sur les muscles et agit sur le syst\u00e8me nerveux. Il a\u00a0aussi de multiples effets sur la sant\u00e9 en g\u00e9n\u00e9ral.<\/p>\n<p><strong>Le massage \u00e9nergisant \u2013 60 min \/ 30 min<br \/>\n<\/strong>Ce massage est efficace pour la relaxation et donne une \u00e9nergie musculaire.\u00a0Cette approche est particuli\u00e8rement efficace pour la tension chronique et les\u00a0r\u00e9gions contract\u00e9es. Ce type de massage se concentre surtout sur les\u00a0muscles.<\/p>\n<p><strong>Le massage sportif pour les hommes \u2013 30 min<br \/>\n<\/strong>Le massage traditionnel Marocain est un enchainement d\u2019\u0153uvres appliqu\u00e9es\u00a0sur la masse musculaire ou les articulations du dos et servant \u00e0 remettre en\u00a0\u00e9tat les muscles fatigu\u00e9s ou inhib\u00e9s. Ce massage redonne au corps une\u00a0souplesse et une mobilit\u00e9.<\/p>\n<p><strong>Le massage du visage \u2013 60 min \/30 min<br \/>\n<\/strong>Ce type de massage dans la nuque, le crane et le visage d\u00e9gage facilement\u00a0une grande partie du stress accumul\u00e9 dans le corps. Il sert \u00e0 relaxer le\u00a0trap\u00e8ze et enlever le poids du stress pesant sur les \u00e9paules. Ce soin redonne\u00a0jeunesse et fermet\u00e9 au visage pour dissiper les marques de fatigue.<\/p>\n<p>[\/vc_column_text][\/vc_column_inner][vc_column_inner width=&#8221;1\/2&#8243;][vc_column_text el_class=&#8221;paragrafo-giustificato&#8221;]<strong>Reflexologies des pieds \u2013 30min<br \/>\n<\/strong>Le massage plantaire est un massage r\u00e9alis\u00e9 avec les doigts par pression\u00a0des zones r\u00e9flexes de la vo\u00fbte plantaire. Il permet donc de localiser les\u00a0tensions du corps pour d\u00e9gager le stress et les tensions nerveuses et\u00a0am\u00e9liore la circulation sanguine.<\/p>\n<p><strong>Massage lymphatique \u2013 60 min \/ 30 min<br \/>\n<\/strong>Le drainage lymphatique manuel permet d\u2019am\u00e9liorer la circulation sanguine,\u00a0de diminuer la sensation de \u00ab\u00a0jambes lourdes\u00a0\u00bb, mais aussi de nettoyer les\u00a0cellules des toxines \u00e0 travers la circulation lymphatique.<\/p>\n<p><strong>Epilazione<\/strong><\/p>\n<ul>\n<li>Les \u00c9pilations<\/li>\n<li>Sourcils<\/li>\n<li>L\u00e8vres<\/li>\n<li>Aisselles<\/li>\n<li>Demi-bras<\/li>\n<li>Bras<\/li>\n<li>Maillot<\/li>\n<li>Maillot br\u00e9silien<\/li>\n<li>Demi-jambes<\/li>\n<li>Jambes completes<\/li>\n<\/ul>\n<p>[\/vc_column_text][\/vc_column_inner][\/vc_row_inner]<div class=\"dfd-spacer-module\"  data-units=\"px\" data-wide_resolution=\"1280\" data-wide_size=\"30\" data-normal_resolution=\"1024\" data-normal_size=\"30\" data-tablet_resolution=\"800\" data-tablet_size=\"30\" data-mobile_resolution=\"480\" data-mobile_size=\"30\" style=\"height: 30px;\"><\/div>[vc_column_text]<\/p>\n<p style=\"text-align: center;\"><a href=\"https:\/\/darassiya.com\/il-riad\/hammam\/\">CLICK TO LEARN MORE ABOUT OUR HAMMAM PATH<\/a><\/p>\n<p>[\/vc_column_text][\/vc_column][vc_column width=&#8221;1\/6&#8243;][\/vc_column][\/vc_row][vc_row][vc_column]<div class=\"dfd-spacer-module\"  data-units=\"px\" data-wide_resolution=\"1280\" data-wide_size=\"130\" data-normal_resolution=\"1024\" data-normal_size=\"130\" data-tablet_resolution=\"800\" data-tablet_size=\"130\" data-mobile_resolution=\"480\" data-mobile_size=\"\" style=\"height: 130px;\"><\/div>[\/vc_column][\/vc_row]<\/p>\n<\/section>","protected":false},"excerpt":{"rendered":"<p>[vc_row dfd_row_config=&#8221;full_width_content&#8221; full_width=&#8221;&#8221;][vc_column][vc_single_image image=&#8221;14855&#8243; img_size=&#8221;full&#8221; alignment=&#8221;center&#8221; onclick=&#8221;link_image&#8221;][\/vc_column][\/vc_row][vc_row full_width=&#8221;&#8221;][vc_column width=&#8221;1\/6&#8243;][\/vc_column][vc_column width=&#8221;2\/3&#8243;][vc_column_text] LE SERVICE EST DISPONIBLE POUR LES CLIENTS DES DEUX RIAD. R\u00c9SERVATION N\u00c9C\u00c9SSAIRE.\u00a0 INFORMATIONS ET R\u00c9SERVATIONS Dar Assiya Le Grand \u2013<\/p>\n","protected":false},"author":2,"featured_media":0,"parent":17869,"menu_order":2,"comment_status":"closed","ping_status":"closed","template":"","meta":{"footnotes":""},"class_list":["post-17850","page","type-page","status-publish","hentry"],"yoast_head":"<!-- This site is optimized with the Yoast SEO plugin v21.7 - https:\/\/yoast.com\/wordpress\/plugins\/seo\/ -->\n<title>Soins et massages bien-\u00eatre | Services | RiadMarrakech | Dar Assiya<\/title>\n<meta name=\"description\" content=\"Soins et massages bien-\u00eatre : la tradition du bien-\u00eatre et l&#039;art de vivre marocain sont compl\u00e9t\u00e9s par des massages \u00e0 l&#039;huile d&#039;argan et aux huiles essentielles\" \/>\n<meta name=\"robots\" content=\"index, follow, max-snippet:-1, max-image-preview:large, max-video-preview:-1\" \/>\n<link rel=\"canonical\" href=\"https:\/\/darassiya.com\/fr\/services\/massage-par-type\/\" \/>\n<meta name=\"twitter:label1\" content=\"Est. reading time\" \/>\n\t<meta name=\"twitter:data1\" content=\"3 minutes\" \/>\n<script type=\"application\/ld+json\" class=\"yoast-schema-graph\">{\"@context\":\"https:\/\/schema.org\",\"@graph\":[{\"@type\":\"WebPage\",\"@id\":\"https:\/\/darassiya.com\/fr\/services\/massage-par-type\/\",\"url\":\"https:\/\/darassiya.com\/fr\/services\/massage-par-type\/\",\"name\":\"Soins et massages bien-\u00eatre | Services | RiadMarrakech | Dar Assiya\",\"isPartOf\":{\"@id\":\"https:\/\/darassiya.com\/fr\/#website\"},\"datePublished\":\"2022-04-05T19:29:05+00:00\",\"dateModified\":\"2022-04-05T19:29:06+00:00\",\"description\":\"Soins et massages bien-\u00eatre : la tradition du bien-\u00eatre et l'art de vivre marocain sont compl\u00e9t\u00e9s par des massages \u00e0 l'huile d'argan et aux huiles essentielles\",\"breadcrumb\":{\"@id\":\"https:\/\/darassiya.com\/fr\/services\/massage-par-type\/#breadcrumb\"},\"inLanguage\":\"fr-FR\",\"potentialAction\":[{\"@type\":\"ReadAction\",\"target\":[\"https:\/\/darassiya.com\/fr\/services\/massage-par-type\/\"]}]},{\"@type\":\"BreadcrumbList\",\"@id\":\"https:\/\/darassiya.com\/fr\/services\/massage-par-type\/#breadcrumb\",\"itemListElement\":[{\"@type\":\"ListItem\",\"position\":1,\"name\":\"Home\",\"item\":\"https:\/\/darassiya.com\/fr\/\"},{\"@type\":\"ListItem\",\"position\":2,\"name\":\"Services\",\"item\":\"https:\/\/darassiya.com\/fr\/services\/\"},{\"@type\":\"ListItem\",\"position\":3,\"name\":\"MASSAGE PAR TYPE\"}]},{\"@type\":\"WebSite\",\"@id\":\"https:\/\/darassiya.com\/fr\/#website\",\"url\":\"https:\/\/darassiya.com\/fr\/\",\"name\":\"Dar Assiya | Riad Marrakech\",\"description\":\"Riad in Marrakech\",\"publisher\":{\"@id\":\"https:\/\/darassiya.com\/fr\/#organization\"},\"potentialAction\":[{\"@type\":\"SearchAction\",\"target\":{\"@type\":\"EntryPoint\",\"urlTemplate\":\"https:\/\/darassiya.com\/fr\/?s={search_term_string}\"},\"query-input\":\"required name=search_term_string\"}],\"inLanguage\":\"fr-FR\"},{\"@type\":\"Organization\",\"@id\":\"https:\/\/darassiya.com\/fr\/#organization\",\"name\":\"Dar Assiya\",\"url\":\"https:\/\/darassiya.com\/fr\/\",\"logo\":{\"@type\":\"ImageObject\",\"inLanguage\":\"fr-FR\",\"@id\":\"https:\/\/darassiya.com\/fr\/#\/schema\/logo\/image\/\",\"url\":\"https:\/\/darassiya.com\/wp-content\/uploads\/2015\/02\/logo-content.png\",\"contentUrl\":\"https:\/\/darassiya.com\/wp-content\/uploads\/2015\/02\/logo-content.png\",\"width\":341,\"height\":367,\"caption\":\"Dar Assiya\"},\"image\":{\"@id\":\"https:\/\/darassiya.com\/fr\/#\/schema\/logo\/image\/\"},\"sameAs\":[\"https:\/\/www.facebook.com\/darassiya\/\",\"https:\/\/www.instagram.com\/darassiya\/\"]}]}<\/script>\n<!-- \/ Yoast SEO plugin. -->","yoast_head_json":{"title":"Soins et massages bien-\u00eatre | Services | RiadMarrakech | Dar Assiya","description":"Soins et massages bien-\u00eatre : la tradition du bien-\u00eatre et l'art de vivre marocain sont compl\u00e9t\u00e9s par des massages \u00e0 l'huile d'argan et aux huiles essentielles","robots":{"index":"index","follow":"follow","max-snippet":"max-snippet:-1","max-image-preview":"max-image-preview:large","max-video-preview":"max-video-preview:-1"},"canonical":"https:\/\/darassiya.com\/fr\/services\/massage-par-type\/","twitter_misc":{"Est. reading time":"3 minutes"},"schema":{"@context":"https:\/\/schema.org","@graph":[{"@type":"WebPage","@id":"https:\/\/darassiya.com\/fr\/services\/massage-par-type\/","url":"https:\/\/darassiya.com\/fr\/services\/massage-par-type\/","name":"Soins et massages bien-\u00eatre | Services | RiadMarrakech | Dar Assiya","isPartOf":{"@id":"https:\/\/darassiya.com\/fr\/#website"},"datePublished":"2022-04-05T19:29:05+00:00","dateModified":"2022-04-05T19:29:06+00:00","description":"Soins et massages bien-\u00eatre : la tradition du bien-\u00eatre et l'art de vivre marocain sont compl\u00e9t\u00e9s par des massages \u00e0 l'huile d'argan et aux huiles essentielles","breadcrumb":{"@id":"https:\/\/darassiya.com\/fr\/services\/massage-par-type\/#breadcrumb"},"inLanguage":"fr-FR","potentialAction":[{"@type":"ReadAction","target":["https:\/\/darassiya.com\/fr\/services\/massage-par-type\/"]}]},{"@type":"BreadcrumbList","@id":"https:\/\/darassiya.com\/fr\/services\/massage-par-type\/#breadcrumb","itemListElement":[{"@type":"ListItem","position":1,"name":"Home","item":"https:\/\/darassiya.com\/fr\/"},{"@type":"ListItem","position":2,"name":"Services","item":"https:\/\/darassiya.com\/fr\/services\/"},{"@type":"ListItem","position":3,"name":"MASSAGE PAR TYPE"}]},{"@type":"WebSite","@id":"https:\/\/darassiya.com\/fr\/#website","url":"https:\/\/darassiya.com\/fr\/","name":"Dar Assiya | Riad Marrakech","description":"Riad in Marrakech","publisher":{"@id":"https:\/\/darassiya.com\/fr\/#organization"},"potentialAction":[{"@type":"SearchAction","target":{"@type":"EntryPoint","urlTemplate":"https:\/\/darassiya.com\/fr\/?s={search_term_string}"},"query-input":"required name=search_term_string"}],"inLanguage":"fr-FR"},{"@type":"Organization","@id":"https:\/\/darassiya.com\/fr\/#organization","name":"Dar Assiya","url":"https:\/\/darassiya.com\/fr\/","logo":{"@type":"ImageObject","inLanguage":"fr-FR","@id":"https:\/\/darassiya.com\/fr\/#\/schema\/logo\/image\/","url":"https:\/\/darassiya.com\/wp-content\/uploads\/2015\/02\/logo-content.png","contentUrl":"https:\/\/darassiya.com\/wp-content\/uploads\/2015\/02\/logo-content.png","width":341,"height":367,"caption":"Dar Assiya"},"image":{"@id":"https:\/\/darassiya.com\/fr\/#\/schema\/logo\/image\/"},"sameAs":["https:\/\/www.facebook.com\/darassiya\/","https:\/\/www.instagram.com\/darassiya\/"]}]}},"_links":{"self":[{"href":"https:\/\/darassiya.com\/fr\/wp-json\/wp\/v2\/pages\/17850","targetHints":{"allow":["GET"]}}],"collection":[{"href":"https:\/\/darassiya.com\/fr\/wp-json\/wp\/v2\/pages"}],"about":[{"href":"https:\/\/darassiya.com\/fr\/wp-json\/wp\/v2\/types\/page"}],"author":[{"embeddable":true,"href":"https:\/\/darassiya.com\/fr\/wp-json\/wp\/v2\/users\/2"}],"replies":[{"embeddable":true,"href":"https:\/\/darassiya.com\/fr\/wp-json\/wp\/v2\/comments?post=17850"}],"version-history":[{"count":0,"href":"https:\/\/darassiya.com\/fr\/wp-json\/wp\/v2\/pages\/17850\/revisions"}],"up":[{"embeddable":true,"href":"https:\/\/darassiya.com\/fr\/wp-json\/wp\/v2\/pages\/17869"}],"wp:attachment":[{"href":"https:\/\/darassiya.com\/fr\/wp-json\/wp\/v2\/media?parent=17850"}],"curies":[{"name":"wp","href":"https:\/\/api.w.org\/{rel}","templated":true}]}}