{"id":17826,"date":"2022-04-05T20:32:19","date_gmt":"2022-04-05T18:32:19","guid":{"rendered":"https:\/\/darassiya-test.studioconcept.biz\/privacy-policy\/"},"modified":"2022-04-05T20:32:20","modified_gmt":"2022-04-05T18:32:20","slug":"privacy-policy","status":"publish","type":"page","link":"https:\/\/darassiya.com\/fr\/privacy-policy\/","title":{"rendered":"Privacy Policy"},"content":{"rendered":"<section class=\"wpb-content-wrapper\"><p>[vc_row][vc_column]<div class=\"dfd-spacer-module\"  data-units=\"px\" data-wide_resolution=\"1280\" data-wide_size=\"30\" data-normal_resolution=\"1024\" data-normal_size=\"30\" data-tablet_resolution=\"800\" data-tablet_size=\"30\" data-mobile_resolution=\"480\" data-mobile_size=\"30\" style=\"height: 30px;\"><\/div><div class=\"dfd-heading-shortcode\"><div class=\"dfd-heading-module-wrap  text-center style_02 dfd-heading-6a06214544802 dfd-disable-resposive-headings\" id=\"dfd-heading-6a06214544802\" ><div class=\"inline-block\"><div class=\"dfd-heading-module\"><h5 class=\"widget-title dfd-title \" style=\"\">PRIVACY POLICY<\/h5><div class=\"dfd-heading-delimiter dfd-img-lazy-load\"><\/div><\/div><\/div><\/div><script type=\"text\/javascript\">\r\n\t\t\t\t\t\t\t\t\t(function($) {\r\n\t\t\t\t\t\t\t\t\t\t$(\"head\").append(\"<style>.dfd-heading-6a06214544802.dfd-heading-module-wrap .dfd-heading-module .dfd-heading-delimiter {border-bottom-style:solid;border-bottom-width:1px;width:100px;border-bottom-color:#dddddd;}.dfd-heading-6a06214544802.dfd-heading-module-wrap .dfd-heading-module .dfd-heading-delimiter {margin-top:10px;margin-bottom:10px;}<\/style>\");\r\n\t\t\t\t\t\t\t\t\t})(jQuery);\r\n\t\t\t\t\t\t\t\t<\/script><\/div>[\/vc_column][\/vc_row][vc_row][vc_column width=&#8221;1\/6&#8243;][\/vc_column][vc_column width=&#8221;2\/3&#8243;][vc_column_text]<\/p>\n<div class=\"vc_row wpb_row vc_row-fluid\">\n<div class=\"wpb_column vc_column_container vc_col-sm-8\">\n<div class=\"vc_column-inner\">\n<div class=\"wpb_wrapper\">\n<div class=\"wpb_text_column wpb_content_element \">\n<div class=\"wpb_wrapper\">\n<p><strong>NFORMATIONS SUR LE TRAITEMENT DES DONN\u00c9ES \u00c0 CARACT\u00c8RE PERSONNEL<\/strong><\/p>\n<p><strong>Dar Assiya S.A.R.L.<\/strong>\u00a0ayant son si\u00e8ge social \u00e0\u00a0Medina \u2013 20, Derb Ouali Kaat Benahid, Marrakech, Code Fiscal et TVA n\u00b0 XXXXXXXXX (ci-apr\u00e8s, le <strong>\u201cResponsable\u201d<\/strong>), en tant que responsable du traitement, vous informe conform\u00e9ment \u00e0 l\u2019art. 13 du d\u00e9cret l\u00e9gislatif n\u00b0 196 du 30.6.2003 (ci-apr\u00e8s, le <strong>\u201cCode de protection de la vie priv\u00e9e\u201d<\/strong>) et de l\u2019art. 13 du R\u00e8glement UE n\u00b0 2016\/679 (ci-apr\u00e8s, le <strong>\u201cRGPD\u201d<\/strong>), que vos donn\u00e9es seront trait\u00e9es selon les modalit\u00e9s et aux fins suivantes :<\/p>\n<p><strong>\u00a0<\/strong><\/p>\n<p><strong>1. Objet du Traitement<br \/>\n<\/strong>Le Responsable traite les donn\u00e9es \u00e0 caract\u00e8re personnel, d\u2019identification (par exemple, nom, pr\u00e9nom, raison sociale, adresse, t\u00e9l\u00e9phone, e-mail, coordonn\u00e9es bancaires et de paiement) \u2013 ci-apr\u00e8s, les <strong>\u201cdonn\u00e9es \u00e0 caract\u00e8re personnel\u201d<\/strong>ou \u00e9galement les <strong>\u201cdonn\u00e9es\u201d<\/strong>), que vous avez communiqu\u00e9es lors de la conclusion de contrats pour les services du Responsable.<\/p>\n<p><strong>2. Finalit\u00e9s du traitement<br \/>\n<\/strong>Vos donn\u00e9es \u00e0 caract\u00e8re personnel seront trait\u00e9es seulement avec votre consentement sp\u00e9cifique et distinct (art. 23 et 130 du Code de protection de la vie priv\u00e9e et art. 7 du RGPD), aux Fins de marketing suivantes :<\/p>\n<ul>\n<li>vous envoyer par e-mail, courrier et \/ ou sms et \/ ou contacts t\u00e9l\u00e9phoniques, des lettres d\u2019information, communications commerciales et \/ ou mat\u00e9riel publicitaire sur les produits ou services offerts par le Responsable et le relev\u00e9 du degr\u00e9 de satisfaction sur la qualit\u00e9 des services ;<\/li>\n<li>vous envoyer par e-mail, courrier et \/ ou sms et \/ ou contacts t\u00e9l\u00e9phoniques des communications commerciales et \/ ou promotionnelles de tiers (par exemple, partenaires commerciaux, compagnies d\u2019assurance, autres soci\u00e9t\u00e9s du Groupe Card Protection Plan).<\/li>\n<\/ul>\n<p>Nous vous informons que si vous \u00eates d\u00e9j\u00e0 notre client, nous pourrons vous envoyer des communications commerciales relatives aux services et produits du Responsable similaires \u00e0 celles que vous avez d\u00e9j\u00e0 re\u00e7ues, sauf d\u00e9saccord de votre part (art. 130, par. 4, du Code de protection de la vie priv\u00e9e).<strong>\u00a0<\/strong><\/p>\n<p><strong>3. Modalit\u00e9s de traitement<br \/>\n<\/strong>Le traitement de vos donn\u00e9es \u00e0 caract\u00e8re personnel est effectu\u00e9 au moyen des op\u00e9rations indiqu\u00e9es \u00e0 l\u2019art. 4 du Code de la vie priv\u00e9e et \u00e0 l\u2019art. 4, n\u00b0 2), du RGPD, et plus particuli\u00e8rement : collecte, enregistrement, organisation, conservation, consultation, traitement, modification, s\u00e9lection, extraction, rapprochement, utilisation, interconnexion, blocage, communication, effacement et destruction des donn\u00e9es. Vos donn\u00e9es \u00e0 caract\u00e8re personnel sont trait\u00e9es aussi bien sur papier que par voie \u00e9lectronique et \/ ou automatis\u00e9e.<br \/>\nLe Responsable traitera les donn\u00e9es \u00e0 caract\u00e8re personnel pendant le temps n\u00e9cessaire pour remplir les fins susmentionn\u00e9es et au plus pendant une dur\u00e9e de 10 ans apr\u00e8s la cessation de la relation aux Fins de Service et pendant 2 ans au maximum apr\u00e8s la collecte des donn\u00e9es aux Fins de Marketing.<\/p>\n<p><strong>4. Acc\u00e8s aux donn\u00e9es<br \/>\n<\/strong>Vos donn\u00e9es peuvent \u00eatre rendues accessibles aux fins vis\u00e9es \u00e0 l\u2019art. 2.A) et 2.B) :<\/p>\n<ul>\n<li>\u00e0 des employ\u00e9s et collaborateurs du Responsable ou des soci\u00e9t\u00e9s du Groupe Card Protection Pian en Italie et \u00e0 l\u2019\u00e9tranger, en leur qualit\u00e9 de personnel charg\u00e9 du traitement et \/ ou sous-traitants internes et \/ ou administrateurs de syst\u00e8me ;<\/li>\n<li>\u00e0 des soci\u00e9t\u00e9s tierces ou autres entit\u00e9s (\u00e0 titre indicatif, \u00e9tablissements de cr\u00e9dit, cabinets professionnels, consultants, compagnies d\u2019assurance pour la fourniture de services d\u2019assurance, etc.) qui exercent des activit\u00e9s d\u2019externalisation pour le compte du Responsable, en leur qualit\u00e9 de sous-traitants externes.<\/li>\n<\/ul>\n<p><strong>5. Communication des donn\u00e9es<br \/>\n<\/strong>Sans n\u00e9cessiter un consentement expr\u00e8s (art. 24, point a), b), d) du Code de protection de la vie priv\u00e9e et art. 6, point b) et c) du RGPD), le Responsable peut communiquer vos donn\u00e9es aux fins vis\u00e9es \u00e0 l\u2019art. 2.A) \u00e0 des Organismes de surveillance (tels que l\u2019IVASS), des Autorit\u00e9s judiciaires, \u00e0 des compagnies d\u2019assurance pour la fourniture de services d\u2019assurance, ainsi qu\u2019aux entit\u00e9s auxquelles la communication est exig\u00e9e par la loi pour l\u2019accomplissement de ces finalit\u00e9s. Ces entit\u00e9s traiteront les donn\u00e9es en leur qualit\u00e9 de responsables autonomes du traitement.<br \/>\nVos donn\u00e9es ne seront pas divulgu\u00e9es.<\/p>\n<p><strong>6. Transfert des donn\u00e9es<br \/>\n<\/strong>Les donn\u00e9es \u00e0 caract\u00e8re personnel sont conserv\u00e9es sur des serveurs situ\u00e9s \u00e0 York (UK), dans l\u2019Union europ\u00e9enne. Dans tous les cas, il est entendu que le Responsable, si n\u00e9cessaire, aura le droit de d\u00e9placer les serveurs m\u00eame en dehors de l\u2019UE. Dans ce cas, le Responsable garantit d\u00e8s \u00e0 pr\u00e9sent que le transfert des donn\u00e9es en dehors de l\u2019UE se fera dans le respect des dispositions l\u00e9gales applicables, sous r\u00e9serve de la stipulation des clauses contractuelles types fournies par la Commission europ\u00e9enne.<\/p>\n<p><strong>7. Nature de la fourniture des donn\u00e9es et cons\u00e9quences du refus de r\u00e9pondre<br \/>\n<\/strong>La fourniture des donn\u00e9es aux fins vis\u00e9es \u00e0 l\u2019art. 2.A) est obligatoire. \u00c0 d\u00e9faut, nous ne pourrons pas vous garantir les Services de l\u2019art. 2.A).<br \/>\nLa fourniture des donn\u00e9es aux fins vis\u00e9es \u00e0 l\u2019art. 2.B) est toutefois facultative. Vous pouvez donc d\u00e9cider de ne pas fournir de donn\u00e9es ou de refuser par la suite la possibilit\u00e9 de traiter les donn\u00e9es d\u00e9j\u00e0 fournies : dans ce cas, vous ne pourrez pas recevoir des lettres d\u2019information, des communications commerciales et du mat\u00e9riel publicitaire concernant les Services offerts par le Responsable. Vous continuerez en tout cas d\u2019avoir droit aux Services vis\u00e9s \u00e0 l\u2019art. 2.A).<\/p>\n<p><strong>8. Droits de la personne concern\u00e9e<br \/>\n<\/strong>En tant que personne concern\u00e9e, vous avez les droits vis\u00e9s \u00e0 l\u2019art. 7 du Code de protection de la vie priv\u00e9e et \u00e0 l\u2019art. 15 du RGPD et plus particuli\u00e8rement les droits de :<\/p>\n<p>i. \u00a0 obtenir la confirmation de l\u2019existence ou non de donn\u00e9es \u00e0 caract\u00e8re personnel vous concernant, m\u00eames si elles ne sont pas encore enregistr\u00e9es, et leur communication sous une forme intelligible.<\/p>\n<p>ii. \u00a0 obtenir l\u2019indication : a) de l\u2019origine des donn\u00e9es \u00e0 caract\u00e8re personnel ; b) des finalit\u00e9s et des modalit\u00e9s du traitement ; c) de la logique appliqu\u00e9e en cas de traitement effectu\u00e9 \u00e0 l\u2019aide d\u2019instruments \u00e9lectroniques ; d) des donn\u00e9es d\u2019identification du responsable, des sous-traitants et du repr\u00e9sentant d\u00e9sign\u00e9 conform\u00e9ment \u00e0 l\u2019art. 5, paragraphe 2, du Code de la vie priv\u00e9e et \u00e0 l\u2019art. 3, paragraphe 1, du RGPD ; e) des personnes ou des cat\u00e9gories de personnes auxquelles les donn\u00e9es \u00e0 caract\u00e8re personnel peuvent \u00eatre communiqu\u00e9es ou qui peuvent en prendre connaissance en qualit\u00e9 de repr\u00e9sentant d\u00e9sign\u00e9 sur le territoire de l\u2019\u00c9tat, de sous-traitants ou de personnel pr\u00e9pos\u00e9 ;<\/p>\n<p>iii.\u00a0 obtenir : a) la mise \u00e0 jour, la rectification ou, le cas \u00e9ch\u00e9ant, l\u2019int\u00e9gration des donn\u00e9es ; b) l\u2019effacement, l\u2019anonymisation ou le blocage des donn\u00e9es trait\u00e9es en violation de la loi, y compris les donn\u00e9es dont la conservation n\u2019est pas n\u00e9cessaire aux fins pour lesquelles elles ont \u00e9t\u00e9 collect\u00e9es ou trait\u00e9es ult\u00e9rieurement ; c) l\u2019attestation que les op\u00e9rations vis\u00e9es aux points a) et b) ont \u00e9t\u00e9 port\u00e9es \u00e0 la connaissance, en ce qui concerne \u00e9galement leur contenu, de ceux \u00e0 qui les donn\u00e9es ont \u00e9t\u00e9 communiqu\u00e9es ou diffus\u00e9es, \u00e0 moins que cette exigence ne s\u2019av\u00e8re impossible ou n\u2019implique des efforts manifestement disproportionn\u00e9s par rapport au droit \u00e0 prot\u00e9ger ;<\/p>\n<p>iv. \u00a0 vous opposer, en tout ou en partie : a) pour des raisons l\u00e9gitimes, au traitement des donn\u00e9es personnelles vous concernant, m\u00eame si elles sont pertinentes au but de la collecte ; b) au traitement des donn\u00e9es personnelles vous concernant pour l\u2019envoi de mat\u00e9riel publicitaire ou de vente directe ou pour la r\u00e9alisation d\u2019\u00e9tudes de march\u00e9 ou de communication commerciale, par l\u2019utilisation de syst\u00e8mes d\u2019appels automatis\u00e9s sans l\u2019intervention d\u2019un op\u00e9rateur, par e-mail et \/ ou par des m\u00e9thodes de marketing traditionnelles par t\u00e9l\u00e9phone et \/ ou par courrier. Veuillez noter que le droit d\u2019opposition de la personne concern\u00e9e, \u00e9nonc\u00e9 au point b) ci-dessus, \u00e0 des fins de marketing direct par des moyens automatis\u00e9s s\u2019\u00e9tend aux moyens traditionnels et qu\u2019il reste toutefois la possibilit\u00e9 pour la personne concern\u00e9e d\u2019exercer le droit d\u2019opposition m\u00eame si ce n\u2019est qu\u2019en partie. Par cons\u00e9quent, la personne concern\u00e9e peut choisir de ne recevoir que des communications par des moyens traditionnels ou uniquement des communications automatis\u00e9es ou aucune des deux.<\/p>\n<p>Le cas \u00e9ch\u00e9ant, elle dispose \u00e9galement des droits pr\u00e9vus aux articles 16-21 du RGPD (droit de rectification, droit \u00e0 l\u2019oubli, droit \u00e0 la limitation du traitement, droit \u00e0 la portabilit\u00e9 des donn\u00e9es, droit d\u2019opposition), ainsi que du droit de r\u00e9clamation aupr\u00e8s de l\u2019Autorit\u00e9 de contr\u00f4le.<\/p>\n<p><strong>\u00a0<\/strong><\/p>\n<ol start=\"9\">\n<li><strong>Modalit\u00e9s d\u2019exercice des droits<\/strong><\/li>\n<\/ol>\n<p>Vous pouvez \u00e0 tout moment exercer vos droits en envoyant :<\/p>\n<ul>\n<li>une lettre recommand\u00e9e avec accus\u00e9 de r\u00e9ception \u00e0 Dar Assiya S.A.R.L.\u00a0\u2013 Medina \u2013 20, Derb Ouali Kaat Benahid, Marrakech ;<\/li>\n<li>un e-mail \u00e0 l\u2019adresse\u00a0<a href=\"mailto:info@darassiya.com\">info@darassiya.com<\/a><\/li>\n<\/ul>\n<ol start=\"12\">\n<li><strong>Responsable, sous-traitants et personnel pr\u00e9pos\u00e9<\/strong><\/li>\n<\/ol>\n<p>Le Responsable du traitement est Dar Assiya S.A.R.L. ayant son si\u00e8ge social \u00e0\u00a0Medina \u2013 20, Derb Ouali Kaat Benahid, Marrakech.<\/p>\n<p>La liste mise \u00e0 jour des sous-traitants et du personnel pr\u00e9pos\u00e9 au traitement est conserv\u00e9e au si\u00e8ge social du Responsable du traitement.<\/p>\n<\/div>\n<\/div>\n<\/div>\n<\/div>\n<\/div>\n<\/div>\n<p>[\/vc_column_text][\/vc_column][vc_column width=&#8221;1\/6&#8243;][\/vc_column][\/vc_row][vc_row][vc_column]<div class=\"dfd-spacer-module\"  data-units=\"px\" data-wide_resolution=\"1280\" data-wide_size=\"130\" data-normal_resolution=\"1024\" data-normal_size=\"130\" data-tablet_resolution=\"800\" data-tablet_size=\"130\" data-mobile_resolution=\"480\" data-mobile_size=\"\" style=\"height: 130px;\"><\/div>[\/vc_column][\/vc_row]<\/p>\n<\/section>","protected":false},"excerpt":{"rendered":"<p>[vc_row][vc_column][\/vc_column][\/vc_row][vc_row][vc_column width=&#8221;1\/6&#8243;][\/vc_column][vc_column width=&#8221;2\/3&#8243;][vc_column_text] NFORMATIONS SUR LE TRAITEMENT DES DONN\u00c9ES \u00c0 CARACT\u00c8RE PERSONNEL Dar Assiya S.A.R.L.\u00a0ayant son si\u00e8ge social \u00e0\u00a0Medina \u2013 20, Derb Ouali Kaat Benahid, Marrakech, Code Fiscal et TVA<\/p>\n","protected":false},"author":2,"featured_media":0,"parent":0,"menu_order":26,"comment_status":"closed","ping_status":"closed","template":"page-custom.php","meta":{"footnotes":""},"class_list":["post-17826","page","type-page","status-publish","hentry"],"yoast_head":"<!-- This site is optimized with the Yoast SEO plugin v21.7 - https:\/\/yoast.com\/wordpress\/plugins\/seo\/ -->\n<title>Cookie Policy | Dar Assiya<\/title>\n<meta name=\"description\" content=\"150 \/ 5.000 Risultati della traduzione Marrakech poss\u00e8de une merveilleuse m\u00e9dina, et son c\u0153ur battant est la place Djemaa el Fna o\u00f9 se rencontrent acrobates, charmeurs de serpents et danseurs.\" \/>\n<meta name=\"robots\" content=\"index, follow, max-snippet:-1, max-image-preview:large, max-video-preview:-1\" \/>\n<link rel=\"canonical\" href=\"https:\/\/darassiya.com\/fr\/privacy-policy\/\" \/>\n<meta name=\"twitter:label1\" content=\"Est. reading time\" \/>\n\t<meta name=\"twitter:data1\" content=\"8 minutes\" \/>\n<script type=\"application\/ld+json\" class=\"yoast-schema-graph\">{\"@context\":\"https:\/\/schema.org\",\"@graph\":[{\"@type\":\"WebPage\",\"@id\":\"https:\/\/darassiya.com\/fr\/privacy-policy\/\",\"url\":\"https:\/\/darassiya.com\/fr\/privacy-policy\/\",\"name\":\"Cookie Policy | Dar Assiya\",\"isPartOf\":{\"@id\":\"https:\/\/darassiya.com\/fr\/#website\"},\"datePublished\":\"2022-04-05T18:32:19+00:00\",\"dateModified\":\"2022-04-05T18:32:20+00:00\",\"description\":\"150 \/ 5.000 Risultati della traduzione Marrakech poss\u00e8de une merveilleuse m\u00e9dina, et son c\u0153ur battant est la place Djemaa el Fna o\u00f9 se rencontrent acrobates, charmeurs de serpents et danseurs.\",\"breadcrumb\":{\"@id\":\"https:\/\/darassiya.com\/fr\/privacy-policy\/#breadcrumb\"},\"inLanguage\":\"fr-FR\",\"potentialAction\":[{\"@type\":\"ReadAction\",\"target\":[\"https:\/\/darassiya.com\/fr\/privacy-policy\/\"]}]},{\"@type\":\"BreadcrumbList\",\"@id\":\"https:\/\/darassiya.com\/fr\/privacy-policy\/#breadcrumb\",\"itemListElement\":[{\"@type\":\"ListItem\",\"position\":1,\"name\":\"Home\",\"item\":\"https:\/\/darassiya.com\/fr\/\"},{\"@type\":\"ListItem\",\"position\":2,\"name\":\"Privacy Policy\"}]},{\"@type\":\"WebSite\",\"@id\":\"https:\/\/darassiya.com\/fr\/#website\",\"url\":\"https:\/\/darassiya.com\/fr\/\",\"name\":\"Dar Assiya | Riad Marrakech\",\"description\":\"Riad in Marrakech\",\"publisher\":{\"@id\":\"https:\/\/darassiya.com\/fr\/#organization\"},\"potentialAction\":[{\"@type\":\"SearchAction\",\"target\":{\"@type\":\"EntryPoint\",\"urlTemplate\":\"https:\/\/darassiya.com\/fr\/?s={search_term_string}\"},\"query-input\":\"required name=search_term_string\"}],\"inLanguage\":\"fr-FR\"},{\"@type\":\"Organization\",\"@id\":\"https:\/\/darassiya.com\/fr\/#organization\",\"name\":\"Dar Assiya\",\"url\":\"https:\/\/darassiya.com\/fr\/\",\"logo\":{\"@type\":\"ImageObject\",\"inLanguage\":\"fr-FR\",\"@id\":\"https:\/\/darassiya.com\/fr\/#\/schema\/logo\/image\/\",\"url\":\"https:\/\/darassiya.com\/wp-content\/uploads\/2015\/02\/logo-content.png\",\"contentUrl\":\"https:\/\/darassiya.com\/wp-content\/uploads\/2015\/02\/logo-content.png\",\"width\":341,\"height\":367,\"caption\":\"Dar Assiya\"},\"image\":{\"@id\":\"https:\/\/darassiya.com\/fr\/#\/schema\/logo\/image\/\"},\"sameAs\":[\"https:\/\/www.facebook.com\/darassiya\/\",\"https:\/\/www.instagram.com\/darassiya\/\"]}]}<\/script>\n<!-- \/ Yoast SEO plugin. -->","yoast_head_json":{"title":"Cookie Policy | Dar Assiya","description":"150 \/ 5.000 Risultati della traduzione Marrakech poss\u00e8de une merveilleuse m\u00e9dina, et son c\u0153ur battant est la place Djemaa el Fna o\u00f9 se rencontrent acrobates, charmeurs de serpents et danseurs.","robots":{"index":"index","follow":"follow","max-snippet":"max-snippet:-1","max-image-preview":"max-image-preview:large","max-video-preview":"max-video-preview:-1"},"canonical":"https:\/\/darassiya.com\/fr\/privacy-policy\/","twitter_misc":{"Est. reading time":"8 minutes"},"schema":{"@context":"https:\/\/schema.org","@graph":[{"@type":"WebPage","@id":"https:\/\/darassiya.com\/fr\/privacy-policy\/","url":"https:\/\/darassiya.com\/fr\/privacy-policy\/","name":"Cookie Policy | Dar Assiya","isPartOf":{"@id":"https:\/\/darassiya.com\/fr\/#website"},"datePublished":"2022-04-05T18:32:19+00:00","dateModified":"2022-04-05T18:32:20+00:00","description":"150 \/ 5.000 Risultati della traduzione Marrakech poss\u00e8de une merveilleuse m\u00e9dina, et son c\u0153ur battant est la place Djemaa el Fna o\u00f9 se rencontrent acrobates, charmeurs de serpents et danseurs.","breadcrumb":{"@id":"https:\/\/darassiya.com\/fr\/privacy-policy\/#breadcrumb"},"inLanguage":"fr-FR","potentialAction":[{"@type":"ReadAction","target":["https:\/\/darassiya.com\/fr\/privacy-policy\/"]}]},{"@type":"BreadcrumbList","@id":"https:\/\/darassiya.com\/fr\/privacy-policy\/#breadcrumb","itemListElement":[{"@type":"ListItem","position":1,"name":"Home","item":"https:\/\/darassiya.com\/fr\/"},{"@type":"ListItem","position":2,"name":"Privacy Policy"}]},{"@type":"WebSite","@id":"https:\/\/darassiya.com\/fr\/#website","url":"https:\/\/darassiya.com\/fr\/","name":"Dar Assiya | Riad Marrakech","description":"Riad in Marrakech","publisher":{"@id":"https:\/\/darassiya.com\/fr\/#organization"},"potentialAction":[{"@type":"SearchAction","target":{"@type":"EntryPoint","urlTemplate":"https:\/\/darassiya.com\/fr\/?s={search_term_string}"},"query-input":"required name=search_term_string"}],"inLanguage":"fr-FR"},{"@type":"Organization","@id":"https:\/\/darassiya.com\/fr\/#organization","name":"Dar Assiya","url":"https:\/\/darassiya.com\/fr\/","logo":{"@type":"ImageObject","inLanguage":"fr-FR","@id":"https:\/\/darassiya.com\/fr\/#\/schema\/logo\/image\/","url":"https:\/\/darassiya.com\/wp-content\/uploads\/2015\/02\/logo-content.png","contentUrl":"https:\/\/darassiya.com\/wp-content\/uploads\/2015\/02\/logo-content.png","width":341,"height":367,"caption":"Dar Assiya"},"image":{"@id":"https:\/\/darassiya.com\/fr\/#\/schema\/logo\/image\/"},"sameAs":["https:\/\/www.facebook.com\/darassiya\/","https:\/\/www.instagram.com\/darassiya\/"]}]}},"_links":{"self":[{"href":"https:\/\/darassiya.com\/fr\/wp-json\/wp\/v2\/pages\/17826","targetHints":{"allow":["GET"]}}],"collection":[{"href":"https:\/\/darassiya.com\/fr\/wp-json\/wp\/v2\/pages"}],"about":[{"href":"https:\/\/darassiya.com\/fr\/wp-json\/wp\/v2\/types\/page"}],"author":[{"embeddable":true,"href":"https:\/\/darassiya.com\/fr\/wp-json\/wp\/v2\/users\/2"}],"replies":[{"embeddable":true,"href":"https:\/\/darassiya.com\/fr\/wp-json\/wp\/v2\/comments?post=17826"}],"version-history":[{"count":0,"href":"https:\/\/darassiya.com\/fr\/wp-json\/wp\/v2\/pages\/17826\/revisions"}],"wp:attachment":[{"href":"https:\/\/darassiya.com\/fr\/wp-json\/wp\/v2\/media?parent=17826"}],"curies":[{"name":"wp","href":"https:\/\/api.w.org\/{rel}","templated":true}]}}