{"id":17819,"date":"2022-04-05T20:26:13","date_gmt":"2022-04-05T18:26:13","guid":{"rendered":"https:\/\/darassiya-test.studioconcept.biz\/cookie-policy\/"},"modified":"2022-04-05T20:26:14","modified_gmt":"2022-04-05T18:26:14","slug":"cookie-policy","status":"publish","type":"page","link":"https:\/\/darassiya.com\/fr\/cookie-policy\/","title":{"rendered":"Cookie Policy"},"content":{"rendered":"<section class=\"wpb-content-wrapper\"><p>[vc_row][vc_column]<div class=\"dfd-spacer-module\"  data-units=\"px\" data-wide_resolution=\"1280\" data-wide_size=\"30\" data-normal_resolution=\"1024\" data-normal_size=\"30\" data-tablet_resolution=\"800\" data-tablet_size=\"30\" data-mobile_resolution=\"480\" data-mobile_size=\"30\" style=\"height: 30px;\"><\/div><div class=\"dfd-heading-shortcode\"><div class=\"dfd-heading-module-wrap  text-center style_02 dfd-heading-6a09b40a27457 dfd-disable-resposive-headings\" id=\"dfd-heading-6a09b40a27457\" ><div class=\"inline-block\"><div class=\"dfd-heading-module\"><h5 class=\"widget-title dfd-title \" style=\"\">COOKIE POLICY<\/h5><div class=\"dfd-heading-delimiter dfd-img-lazy-load\"><\/div><\/div><\/div><\/div><script type=\"text\/javascript\">\r\n\t\t\t\t\t\t\t\t\t(function($) {\r\n\t\t\t\t\t\t\t\t\t\t$(\"head\").append(\"<style>.dfd-heading-6a09b40a27457.dfd-heading-module-wrap .dfd-heading-module .dfd-heading-delimiter {border-bottom-style:solid;border-bottom-width:1px;width:100px;border-bottom-color:#dddddd;}.dfd-heading-6a09b40a27457.dfd-heading-module-wrap .dfd-heading-module .dfd-heading-delimiter {margin-top:10px;margin-bottom:10px;}<\/style>\");\r\n\t\t\t\t\t\t\t\t\t})(jQuery);\r\n\t\t\t\t\t\t\t\t<\/script><\/div>[\/vc_column][\/vc_row][vc_row][vc_column width=&#8221;1\/6&#8243;][\/vc_column][vc_column width=&#8221;2\/3&#8243;][vc_column_text]<b>Informations \u00e9tendues sur les cookies<br \/>\n<\/b>Les cookies sont constitu\u00e9s de portions de code install\u00e9es dans le navigateur qui aident le propri\u00e9taire \u00e0 fournir le service conform\u00e9ment aux objectifs d\u00e9crits. Certains des objectifs de l\u2019installation de cookies peuvent \u00e9galement n\u00e9cessiter le consentement de l\u2019utilisateur.<\/p>\n<p><b>Utilisation de cookies<br \/>\n<\/b>Ce site utilise des cookies pour rendre l\u2019exp\u00e9rience de navigation simple et efficace pour ceux qui regardent les pages. Les utilisateurs qui consultent le site entreront le minimum d\u2019informations dans les appareils en cours d\u2019utilisation, qui sont des ordinateurs et des appareils mobiles, dans de petits fichiers texte appel\u00e9s \u00abcookies\u00bb enregistr\u00e9s dans les r\u00e9pertoires utilis\u00e9s par le navigateur Web de l\u2019utilisateur. D\u00e9sactiver les cookies Certaines fonctionnalit\u00e9s du site peuvent ne pas fonctionner correctement. Il existe diff\u00e9rents types de cookies, certains pour une utilisation plus efficace du Site, d\u2019autres pour activer certaines fonctionnalit\u00e9s. Nos cookies vous permettent de m\u00e9moriser vos pr\u00e9f\u00e9rences, d\u2019\u00e9viter de ressaisir plusieurs fois les m\u00eames informations et d\u2019analyser l\u2019utilisation du site pour optimiser l\u2019exp\u00e9rience de navigation.<\/p>\n<p><b>Types de cookies utilis\u00e9s sur ce site<\/b><\/p>\n<p><b>Cookies techniques<br \/>\n<\/b>Ce type de cookie est strictement n\u00e9cessaire au bon fonctionnement de certaines sections du site. Il y a deux cat\u00e9gories: persistant et session: 1) Persistant: une fois ferm\u00e9s les navigateurs ne sont pas d\u00e9truits mais restent jusqu\u2019\u00e0 une date d\u2019expiration pr\u00e9d\u00e9finie 2) sessions: ils sont d\u00e9truits \u00e0 chaque fermeture du navigateur.<\/p>\n<p>Ces cookies, toujours envoy\u00e9s depuis notre domaine, sont n\u00e9cessaires pour consulter le site correctement et par rapport aux services techniques propos\u00e9s, seront donc toujours utilis\u00e9s et envoy\u00e9s, sauf si l\u2019utilisateur ne modifie pas les param\u00e8tres de votre navigateur (perturbant ainsi l\u2019affichage de pages du site).<\/p>\n<p><b>Cookies analytiques<br \/>\n<\/b>es cookies sont utilis\u00e9s pour collecter des informations sur l\u2019utilisation du site. Cette information est utilis\u00e9e pour l\u2019analyse statistique anonyme afin d\u2019am\u00e9liorer l\u2019utilisation du site et de rendre le contenu plus int\u00e9ressant et pertinent aux souhaits des utilisateurs. Ce type de cookie collecte des donn\u00e9es anonymes sur l\u2019activit\u00e9 des utilisateurs et comment ils sont arriv\u00e9s sur le site. Les cookies analytiques sont envoy\u00e9s depuis le site lui-m\u00eame ou depuis des domaines tiers.<\/p>\n<p><b>Cookies d\u2019analyse pour les services de tiers<br \/>\n<\/b>Ces cookies sont utilis\u00e9s pour collecter des informations sur l\u2019utilisation du site par des informations anonymes telles que les pages visit\u00e9es, le temps pass\u00e9, les origines du trafic d\u2019origine, l\u2019origine g\u00e9ographique, l\u2019\u00e2ge, le sexe et les int\u00e9r\u00eats aux fins de campagnes marketing. Ces cookies sont envoy\u00e9s \u00e0 partir de domaines tiers externes au site.<\/p>\n<p><b>Cookies pour int\u00e9grer les produits et les fonctions de logiciels tiers<\/b><br \/>\nCe type de cookie int\u00e8gre des fonctionnalit\u00e9s d\u00e9velopp\u00e9es par des tiers dans les pages du site telles que les ic\u00f4nes et les pr\u00e9f\u00e9rences exprim\u00e9es sur les r\u00e9seaux sociaux afin de partager le contenu du site ou l\u2019utilisation de services logiciels tiers (tels que les logiciels de g\u00e9n\u00e9ration de cartes et logiciels qui offrent des services suppl\u00e9mentaires). Ces cookies sont envoy\u00e9s \u00e0 partir de domaines tiers et de sites partenaires qui offrent leurs fonctionnalit\u00e9s entre les pages du Site.<\/p>\n<p><b>Cookies de profilage<br \/>\n<\/b>Ces cookies sont n\u00e9cessaires pour cr\u00e9er des profils d\u2019utilisateurs afin d\u2019envoyer des messages publicitaires en ligne avec les pr\u00e9f\u00e9rences exprim\u00e9es par l\u2019utilisateur dans les pages du Site.<\/p>\n<p>Nous n\u2019utilisons pas de cookies de profilage sur notre site.<\/p>\n<p><b>Types de cookies utilis\u00e9s sur ce site<br \/>\n<\/b>ISur ce site, conform\u00e9ment \u00e0 la l\u00e9gislation en vigueur, nous ne sommes pas tenus de rechercher un consentement pour les cookies techniques, si n\u00e9cessaire pour fournir les services requis. Pour tous les autres types de cookies, le consentement peut \u00eatre exprim\u00e9 par l\u2019utilisateur avec une ou plusieurs des m\u00e9thodes suivantes:<br \/>\n1) Par des configurations sp\u00e9cifiques du navigateur utilis\u00e9 ou des programmes informatiques associ\u00e9s utilis\u00e9s pour naviguer dans les pages qui composent le site.<br \/>\n2) En changeant les param\u00e8tres dans l\u2019utilisation de services tiers<\/p>\n<p>Ces solutions peuvent vous emp\u00eacher d\u2019utiliser ou de visualiser des parties du site Web.<\/p>\n<p><b>Sites Web et services de tiers<br \/>\n<\/b>Le Site peut contenir des liens vers d\u2019autres sites Web qui ont leur propre politique de confidentialit\u00e9 qui peut \u00eatre diff\u00e9rente de celle adopt\u00e9e par ce site et donc pas responsable de ces sites.<\/p>\n<p><b>Activit\u00e9s pour enregistrer les pr\u00e9f\u00e9rences, l\u2019optimisation et les statistiques<br \/>\n<\/b>Utilisation de cookies pour enregistrer vos pr\u00e9f\u00e9rences de navigation et optimiser l\u2019exp\u00e9rience de navigation de l\u2019utilisateur. Ces cookies incluent, par exemple, ceux pour d\u00e9finir la langue et la devise.<\/p>\n<p><b>Comment d\u00e9sactiver les cookies en configurant certains navigateurs<\/b><\/p>\n<p>Voici quelques r\u00e9f\u00e9rences:<\/p>\n<p><b>CHROME \u2013 <\/b><a href=\"https:\/\/support.google.com\/accounts\/answer\/61416?hl=en\">Guide Complete<\/a><\/p>\n<p><b>MOZZILLA FIREFOX \u2013 <\/b><a href=\"https:\/\/support.mozilla.org\/it\/kb\/Attivare%20e%20disattivare%20i%20cookie\">Guide Complete<\/a><\/p>\n<p><b>INTERNET EXPLORER \u2013 <\/b><a href=\"http:\/\/windows.microsoft.com\/it-it\/windows-vista\/block-or-allow-cookies\">Guide Complete<\/a><\/p>\n<p><b>SAFARI 6\/7 \u2013 <\/b><a href=\"https:\/\/support.apple.com\/kb\/PH17191?viewlocale=it_IT&amp;locale=it_IT\">Guide Complete<\/a><\/p>\n<p><b>SAFARI iOS DISPOSITIVI MOBILE \u2013 <\/b><a href=\"https:\/\/support.apple.com\/it-it\/HT201265\">Guide Complete<\/a><\/p>\n<p><b>OPERA <\/b>\u2013 <a href=\"http:\/\/www.opera.com\/help\/tutorials\/security\/cookies\/\">Guide Complete<\/a><\/p>\n<p>Les cookies utilis\u00e9s par ce sit<\/p>\n<p><b><i>cookies de test wordPress<br \/>\n<\/i><\/b><i>V\u00e9rifiez les cookies sur WordPress<br \/>\nDonn\u00e9es personnelles collect\u00e9es: cookies et donn\u00e9es d\u2019utilisation<br \/>\nExpiration: \u00e0 la fin de la session de navigation<br \/>\nviewed_cookie_policy<br \/>\nBut: affichage de la banni\u00e8re de cookie<br \/>\nDonn\u00e9es personnelles collect\u00e9es: cookies et donn\u00e9es d\u2019utilisation<br \/>\nDur\u00e9e: 1 an<\/i><\/p>\n<p><b><i>wp-r\u00e9glages<br \/>\n<\/i><\/b><i>Il permet l\u2019affichage optimis\u00e9 du site wordpress et l\u2019utilisation par l\u2019administrateur<br \/>\nDonn\u00e9es personnelles collect\u00e9es: cookies et donn\u00e9es d\u2019utilisation<br \/>\nDur\u00e9e: 1 an<br \/>\n<\/i><\/p>\n<p><b><i>wp-r\u00e9glages temps<\/i><\/b><i><br \/>\nIl permet l\u2019affichage optimis\u00e9 du site wordpress et l\u2019utilisation par l\u2019administrateur<br \/>\nDonn\u00e9es personnelles collect\u00e9es: cookies et donn\u00e9es d\u2019utilisation<br \/>\nDur\u00e9e: 1 an<\/i><\/p>\n<p><b><i>PHPSESSID<br \/>\n<\/i><\/b><i>Identifier la session PHP en cours lors de la visite du site<br \/>\nDonn\u00e9es personnelles collect\u00e9es: cookies et donn\u00e9es d\u2019utilisation<br \/>\nExpiration: \u00e0 la fin de la session de navigation<\/i><\/p>\n<p><b><i>ESSE<br \/>\n<\/i><\/b><i>Assure la reconnaissance lors du passage d\u2019une page \u00e0 une autre sur le site et garantit que toutes les informations saisies sont m\u00e9moris\u00e9es.<br \/>\nDonn\u00e9es personnelles collect\u00e9es: cookies et donn\u00e9es d\u2019utilisation<br \/>\nExpiration: \u00e0 la fin de la session de navigation<\/i><\/p>\n<p><b><i>_icl_current_language<br \/>\n<\/i><\/b><i>Affichage de la traduction de la langue<br \/>\nDonn\u00e9es personnelles collect\u00e9es: cookies et donn\u00e9es d\u2019utilisation<br \/>\nExpiration: 1 jour<\/i><\/p>\n<p><b><i>Formulaire ou formulaire de contact<br \/>\n<\/i><\/b><i>L\u2019utilisateur, lors de l\u2019acceptation de la vie priv\u00e9e, consent \u00e0 l\u2019envoi et \u00e0 l\u2019utilisation des donn\u00e9es saisies dans le formulaire de contact afin de r\u00e9pondre exclusivement aux demandes de devis et d\u2019information.<br \/>\nDonn\u00e9es personnelles collect\u00e9es: Nom, Pr\u00e9nom, Nom de l\u2019entreprise, Email, T\u00e9l\u00e9phone, Demande, Acceptation de la confidentialit\u00e9 (requis).<br \/>\nDonn\u00e9es non stock\u00e9es.<\/i><\/p>\n<p><b><i>Like Button et les services de tiers de Facebook, Inc.<br \/>\n<\/i><\/b><i>Le bouton J\u2019aime? et les services Facebook sont n\u00e9cessaires pour interagir avec le r\u00e9seau social Facebook et sont fournis par Facebook, Inc.<br \/>\nDonn\u00e9es personnelles collect\u00e9es: cookies et donn\u00e9es d\u2019utilisation<br \/>\nLieu de traitement: \u00c9tats-Unis \u2013 <\/i><a href=\"http:\/\/www.facebook.com\/privacy\/explanation.php\">Privacy Policy<\/a>\u00a0\u2013 <a href=\"https:\/\/www.facebook.com\/help\/cookies?ref_type=sitefooter\">Lire plus<\/a><\/p>\n<p><b><i>Bouton Tweet et services tiers de Twitter, Inc.<br \/>\n<\/i><\/b><i>Le bouton Tweet? et les services connexes sont n\u00e9cessaires pour l\u2019interaction avec le r\u00e9seau social Twitter et sont fournis par Twitter, Inc.<br \/>\nDonn\u00e9es personnelles collect\u00e9es: cookies et donn\u00e9es d\u2019utilisation<br \/>\nLieu de traitement: \u00c9tats-Unis \u2013 <\/i><a href=\"http:\/\/twitter.com\/privacy\">Privacy Policy<\/a>\u00a0\u2013 <a href=\"https:\/\/support.twitter.com\/articles\/20170519-uso-dei-cookie-e-di-altre-tecnologie-simili-da-parte-di-twitter\">Lire plus<\/a><\/p>\n<p><b><i>Bouton Google+ et services tiers de Google Inc.<br \/>\n<\/i><\/b><i>Le bouton Google+ et les services associ\u00e9s \u00e0 Google+ sont requis pour interagir avec le r\u00e9seau social Google Plus et sont fournis par Google, Inc.<br \/>\nDonn\u00e9es personnelles collect\u00e9es: cookies et donn\u00e9es d\u2019utilisation<br \/>\nLieu de traitement: \u00c9tats-Unis \u2013 <\/i><a href=\"http:\/\/www.google.com\/intl\/it\/policies\/privacy\/\">Privacy Policy<\/a>\u00a0\u2013\u00a0<a href=\"https:\/\/www.google.com\/settings\/u\/0\/ads?hl=it&amp;sig=ACi0TCiGVtQo3-M6KWk-W9FLb2ibvVcinVf7QTocMi5pUGsx67qs34yjO2h6N2SfsAAN4bWW9lfY8Zj7PH8epB-TcvIHMSktGnGK9X2FszgcREeCvlRtHrzTtukXpeZgZUx-LeGXWH8JBDW-N24XPdYuAd6ezwnQxl4OFxY_ROB7YMnFRBrDJ2w\">Opt in<\/a><\/p>\n<p><b><i>Youtube et les services tiers de Google Inc.<br \/>\n<\/i><\/b><i>Youtube est un r\u00e9seau social d\u00e9di\u00e9 \u00e0 l\u2019affichage de contenu vid\u00e9o et est g\u00e9r\u00e9 par Google Inc. avec la possibilit\u00e9 d\u2019int\u00e9grer du contenu dans ses pages.<br \/>\nDonn\u00e9es personnelles collect\u00e9es: cookies et donn\u00e9es d\u2019utilisation<br \/>\nLieu de traitement: \u00c9tats-Unis \u2013 <\/i><a href=\"http:\/\/www.google.it\/intl\/it\/policies\/privacy\/\">Privacy Policy<\/a>\u00a0\u2013\u00a0<a href=\"https:\/\/www.google.com\/settings\/u\/0\/ads?hl=it&amp;sig=ACi0TCiGVtQo3-M6KWk-W9FLb2ibvVcinVf7QTocMi5pUGsx67qs34yjO2h6N2SfsAAN4bWW9lfY8Zj7PH8epB-TcvIHMSktGnGK9X2FszgcREeCvlRtHrzTtukXpeZgZUx-LeGXWH8JBDW-N24XPdYuAd6ezwnQxl4OFxY_ROB7YMnFRBrDJ2w\">Opt in<\/a><\/p>\n<p><b><i>Vimeo de Vimeo, LLC<br \/>\n<\/i><\/b><i>Vimeo est un r\u00e9seau social d\u00e9di\u00e9 \u00e0 la visualisation de contenu vid\u00e9o et est g\u00e9r\u00e9 par Vimeo, LLC avec la possibilit\u00e9 d\u2019int\u00e9grer le contenu dans ses pages.<br \/>\nDonn\u00e9es personnelles collect\u00e9es: cookies et donn\u00e9es d\u2019utilisation<br \/>\nLieu de traitement: \u00c9tats-Unis \u2013 <\/i><a href=\"http:\/\/vimeo.com\/privacy\">Privacy Policy<\/a><\/p>\n<p><b><i>Service Google Fonts de Google Inc.<br \/>\n<\/i><\/b><i>Google Fonts est un service qui vous permet d\u2019incorporer et d\u2019afficher des styles de polices personnalis\u00e9s et est g\u00e9r\u00e9 par Google Inc.<br \/>\nDonn\u00e9es personnelles collect\u00e9es: cookies et donn\u00e9es d\u2019utilisation<br \/>\nLieu de traitement: \u00c9tats-Unis \u2013 <\/i><a href=\"http:\/\/www.google.it\/intl\/en\/policies\/privacy\/\">Privacy Policy<\/a>\u00a0\u2013\u00a0<a href=\"https:\/\/www.google.com\/settings\/u\/0\/ads?hl=it&amp;sig=ACi0TCiGVtQo3-M6KWk-W9FLb2ibvVcinVf7QTocMi5pUGsx67qs34yjO2h6N2SfsAAN4bWW9lfY8Zj7PH8epB-TcvIHMSktGnGK9X2FszgcREeCvlRtHrzTtukXpeZgZUx-LeGXWH8JBDW-N24XPdYuAd6ezwnQxl4OFxY_ROB7YMnFRBrDJ2w\">Opt in<\/a><\/p>\n<p><b><i>Google Analytics (Google)<br \/>\n<\/i><\/b><i>Google Analytics est un service d\u2019analyse Web fourni par Google Inc. (Google). Google utilise les donn\u00e9es personnelles collect\u00e9es dans le but de suivre et d\u2019examiner l\u2019utilisation de cette application, de compiler des rapports et de les partager avec d\u2019autres services d\u00e9velopp\u00e9s par Google.<br \/>\nGoogle peut utiliser les donn\u00e9es personnelles pour contextualiser et personnaliser les publicit\u00e9s de son r\u00e9seau publicitaire.<br \/>\nDonn\u00e9es personnelles collect\u00e9es: cookies et donn\u00e9es d\u2019utilisation.<br \/>\nLieu de traitement: \u00c9tats-Unis \u2013 <\/i><a href=\"http:\/\/www.google.com\/intl\/it\/policies\/privacy\/\">Privacy Policy<\/a>\u00a0\u2013\u00a0<a href=\"http:\/\/tools.google.com\/dlpage\/gaoptout?hl=it\">Opt Out<\/a><\/p>\n<p><b>Contr\u00f4leur de donn\u00e9es<br \/>\n<\/b>Dar Assiya S.A.R.L. \u2013 RC N. 66851 \u2013 Medina \u2013 20, Derb Ouali Kaat Benahid, Marrakech<br \/>\n\u00c9tant donn\u00e9 que l\u2019installation de cookies et d\u2019autres syst\u00e8mes de suivi exploit\u00e9s par des tiers \u00e0 travers les services utilis\u00e9s sur ce site ne peut \u00eatre techniquement contr\u00f4l\u00e9 par le propri\u00e9taire, toute r\u00e9f\u00e9rence sp\u00e9cifique aux cookies et syst\u00e8mes de suivi install\u00e9s par des tiers est \u00eatre consid\u00e9r\u00e9 comme indicatif. Pour obtenir des informations compl\u00e8tes, consultez la politique de confidentialit\u00e9 des services tiers mentionn\u00e9s dans ce document.<br \/>\nCompte tenu de la complexit\u00e9 objective li\u00e9e \u00e0 l\u2019identification des technologies bas\u00e9es sur les cookies et de leur int\u00e9gration tr\u00e8s proche au fonctionnement du web, l\u2019utilisateur est invit\u00e9 \u00e0 contacter le propri\u00e9taire s\u2019il souhaite recevoir des informations compl\u00e9mentaires sur l\u2019utilisation des cookies et utilisation de la m\u00eame chose \u2013 par exemple par des tiers \u2013 effectu\u00e9e \u00e0 travers ce site.[\/vc_column_text][\/vc_column][vc_column width=&#8221;1\/6&#8243;][\/vc_column][\/vc_row][vc_row][vc_column]<div class=\"dfd-spacer-module\"  data-units=\"px\" data-wide_resolution=\"1280\" data-wide_size=\"130\" data-normal_resolution=\"1024\" data-normal_size=\"130\" data-tablet_resolution=\"800\" data-tablet_size=\"130\" data-mobile_resolution=\"480\" data-mobile_size=\"\" style=\"height: 130px;\"><\/div>[\/vc_column][\/vc_row]<\/p>\n<\/section>","protected":false},"excerpt":{"rendered":"<p>[vc_row][vc_column][\/vc_column][\/vc_row][vc_row][vc_column width=&#8221;1\/6&#8243;][\/vc_column][vc_column width=&#8221;2\/3&#8243;][vc_column_text]Informations \u00e9tendues sur les cookies Les cookies sont constitu\u00e9s de portions de code install\u00e9es dans le navigateur qui aident le propri\u00e9taire \u00e0 fournir le service conform\u00e9ment aux objectifs<\/p>\n","protected":false},"author":2,"featured_media":0,"parent":0,"menu_order":23,"comment_status":"closed","ping_status":"closed","template":"page-custom.php","meta":{"footnotes":""},"class_list":["post-17819","page","type-page","status-publish","hentry"],"yoast_head":"<!-- This site is optimized with the Yoast SEO plugin v21.7 - https:\/\/yoast.com\/wordpress\/plugins\/seo\/ -->\n<title>Cookie Policy | Dar Assiya<\/title>\n<meta name=\"description\" content=\"Marrakech poss\u00e8de une merveilleuse m\u00e9dina, et son c\u0153ur battant est la place Djemaa el Fna o\u00f9 se rencontrent acrobates, charmeurs de serpents et danseurs.\" \/>\n<meta name=\"robots\" content=\"index, follow, max-snippet:-1, max-image-preview:large, max-video-preview:-1\" \/>\n<link rel=\"canonical\" href=\"https:\/\/darassiya.com\/fr\/cookie-policy\/\" \/>\n<meta name=\"twitter:label1\" content=\"Est. reading time\" \/>\n\t<meta name=\"twitter:data1\" content=\"9 minutes\" \/>\n<script type=\"application\/ld+json\" class=\"yoast-schema-graph\">{\"@context\":\"https:\/\/schema.org\",\"@graph\":[{\"@type\":\"WebPage\",\"@id\":\"https:\/\/darassiya.com\/fr\/cookie-policy\/\",\"url\":\"https:\/\/darassiya.com\/fr\/cookie-policy\/\",\"name\":\"Cookie Policy | Dar Assiya\",\"isPartOf\":{\"@id\":\"https:\/\/darassiya.com\/fr\/#website\"},\"datePublished\":\"2022-04-05T18:26:13+00:00\",\"dateModified\":\"2022-04-05T18:26:14+00:00\",\"description\":\"Marrakech poss\u00e8de une merveilleuse m\u00e9dina, et son c\u0153ur battant est la place Djemaa el Fna o\u00f9 se rencontrent acrobates, charmeurs de serpents et danseurs.\",\"breadcrumb\":{\"@id\":\"https:\/\/darassiya.com\/fr\/cookie-policy\/#breadcrumb\"},\"inLanguage\":\"fr-FR\",\"potentialAction\":[{\"@type\":\"ReadAction\",\"target\":[\"https:\/\/darassiya.com\/fr\/cookie-policy\/\"]}]},{\"@type\":\"BreadcrumbList\",\"@id\":\"https:\/\/darassiya.com\/fr\/cookie-policy\/#breadcrumb\",\"itemListElement\":[{\"@type\":\"ListItem\",\"position\":1,\"name\":\"Home\",\"item\":\"https:\/\/darassiya.com\/fr\/\"},{\"@type\":\"ListItem\",\"position\":2,\"name\":\"Cookie Policy\"}]},{\"@type\":\"WebSite\",\"@id\":\"https:\/\/darassiya.com\/fr\/#website\",\"url\":\"https:\/\/darassiya.com\/fr\/\",\"name\":\"Dar Assiya | Riad Marrakech\",\"description\":\"Riad in Marrakech\",\"publisher\":{\"@id\":\"https:\/\/darassiya.com\/fr\/#organization\"},\"potentialAction\":[{\"@type\":\"SearchAction\",\"target\":{\"@type\":\"EntryPoint\",\"urlTemplate\":\"https:\/\/darassiya.com\/fr\/?s={search_term_string}\"},\"query-input\":\"required name=search_term_string\"}],\"inLanguage\":\"fr-FR\"},{\"@type\":\"Organization\",\"@id\":\"https:\/\/darassiya.com\/fr\/#organization\",\"name\":\"Dar Assiya\",\"url\":\"https:\/\/darassiya.com\/fr\/\",\"logo\":{\"@type\":\"ImageObject\",\"inLanguage\":\"fr-FR\",\"@id\":\"https:\/\/darassiya.com\/fr\/#\/schema\/logo\/image\/\",\"url\":\"https:\/\/darassiya.com\/wp-content\/uploads\/2015\/02\/logo-content.png\",\"contentUrl\":\"https:\/\/darassiya.com\/wp-content\/uploads\/2015\/02\/logo-content.png\",\"width\":341,\"height\":367,\"caption\":\"Dar Assiya\"},\"image\":{\"@id\":\"https:\/\/darassiya.com\/fr\/#\/schema\/logo\/image\/\"},\"sameAs\":[\"https:\/\/www.facebook.com\/darassiya\/\",\"https:\/\/www.instagram.com\/darassiya\/\"]}]}<\/script>\n<!-- \/ Yoast SEO plugin. -->","yoast_head_json":{"title":"Cookie Policy | Dar Assiya","description":"Marrakech poss\u00e8de une merveilleuse m\u00e9dina, et son c\u0153ur battant est la place Djemaa el Fna o\u00f9 se rencontrent acrobates, charmeurs de serpents et danseurs.","robots":{"index":"index","follow":"follow","max-snippet":"max-snippet:-1","max-image-preview":"max-image-preview:large","max-video-preview":"max-video-preview:-1"},"canonical":"https:\/\/darassiya.com\/fr\/cookie-policy\/","twitter_misc":{"Est. reading time":"9 minutes"},"schema":{"@context":"https:\/\/schema.org","@graph":[{"@type":"WebPage","@id":"https:\/\/darassiya.com\/fr\/cookie-policy\/","url":"https:\/\/darassiya.com\/fr\/cookie-policy\/","name":"Cookie Policy | Dar Assiya","isPartOf":{"@id":"https:\/\/darassiya.com\/fr\/#website"},"datePublished":"2022-04-05T18:26:13+00:00","dateModified":"2022-04-05T18:26:14+00:00","description":"Marrakech poss\u00e8de une merveilleuse m\u00e9dina, et son c\u0153ur battant est la place Djemaa el Fna o\u00f9 se rencontrent acrobates, charmeurs de serpents et danseurs.","breadcrumb":{"@id":"https:\/\/darassiya.com\/fr\/cookie-policy\/#breadcrumb"},"inLanguage":"fr-FR","potentialAction":[{"@type":"ReadAction","target":["https:\/\/darassiya.com\/fr\/cookie-policy\/"]}]},{"@type":"BreadcrumbList","@id":"https:\/\/darassiya.com\/fr\/cookie-policy\/#breadcrumb","itemListElement":[{"@type":"ListItem","position":1,"name":"Home","item":"https:\/\/darassiya.com\/fr\/"},{"@type":"ListItem","position":2,"name":"Cookie Policy"}]},{"@type":"WebSite","@id":"https:\/\/darassiya.com\/fr\/#website","url":"https:\/\/darassiya.com\/fr\/","name":"Dar Assiya | Riad Marrakech","description":"Riad in Marrakech","publisher":{"@id":"https:\/\/darassiya.com\/fr\/#organization"},"potentialAction":[{"@type":"SearchAction","target":{"@type":"EntryPoint","urlTemplate":"https:\/\/darassiya.com\/fr\/?s={search_term_string}"},"query-input":"required name=search_term_string"}],"inLanguage":"fr-FR"},{"@type":"Organization","@id":"https:\/\/darassiya.com\/fr\/#organization","name":"Dar Assiya","url":"https:\/\/darassiya.com\/fr\/","logo":{"@type":"ImageObject","inLanguage":"fr-FR","@id":"https:\/\/darassiya.com\/fr\/#\/schema\/logo\/image\/","url":"https:\/\/darassiya.com\/wp-content\/uploads\/2015\/02\/logo-content.png","contentUrl":"https:\/\/darassiya.com\/wp-content\/uploads\/2015\/02\/logo-content.png","width":341,"height":367,"caption":"Dar Assiya"},"image":{"@id":"https:\/\/darassiya.com\/fr\/#\/schema\/logo\/image\/"},"sameAs":["https:\/\/www.facebook.com\/darassiya\/","https:\/\/www.instagram.com\/darassiya\/"]}]}},"_links":{"self":[{"href":"https:\/\/darassiya.com\/fr\/wp-json\/wp\/v2\/pages\/17819","targetHints":{"allow":["GET"]}}],"collection":[{"href":"https:\/\/darassiya.com\/fr\/wp-json\/wp\/v2\/pages"}],"about":[{"href":"https:\/\/darassiya.com\/fr\/wp-json\/wp\/v2\/types\/page"}],"author":[{"embeddable":true,"href":"https:\/\/darassiya.com\/fr\/wp-json\/wp\/v2\/users\/2"}],"replies":[{"embeddable":true,"href":"https:\/\/darassiya.com\/fr\/wp-json\/wp\/v2\/comments?post=17819"}],"version-history":[{"count":0,"href":"https:\/\/darassiya.com\/fr\/wp-json\/wp\/v2\/pages\/17819\/revisions"}],"wp:attachment":[{"href":"https:\/\/darassiya.com\/fr\/wp-json\/wp\/v2\/media?parent=17819"}],"curies":[{"name":"wp","href":"https:\/\/api.w.org\/{rel}","templated":true}]}}